{"id":10,"date":"2022-02-01T18:23:50","date_gmt":"2022-02-01T18:23:50","guid":{"rendered":"https:\/\/audiosingularity.com\/?page_id=10"},"modified":"2024-06-21T15:01:39","modified_gmt":"2024-06-21T15:01:39","slug":"terms-and-conditions","status":"publish","type":"page","link":"https:\/\/audiosingularity.com\/br\/terms-and-conditions\/","title":{"rendered":"termos e condi\u00e7\u00f5es"},"content":{"rendered":"<div style=\"height:50px\" aria-hidden=\"true\" class=\"wp-block-spacer\"><\/div>\n\n\n\n<h2 class=\"wp-block-heading open-sans\" id=\"terms-and-conditions\">termos e condi\u00e7\u00f5es<\/h2>\n\n\n\n<p>Bem-vindo a audiosingularity!<\/p>\n\n\n\n<p>Estes termos e condi\u00e7\u00f5es estabelecem as regras e regulamentos para o uso do site audiosingularity, localizado em audiosingularity.com.<\/p>\n\n\n\n<p>Ao acessar este site, presumimos que voc\u00ea aceita estes termos e condi\u00e7\u00f5es. Se voc\u00ea n\u00e3o concordar em aceitar todos os termos e condi\u00e7\u00f5es estabelecidos nesta p\u00e1gina, n\u00e3o continue a usar o audiosingularity.<\/p>\n\n\n\n<p>A seguinte terminologia se aplica a estes Termos e Condi\u00e7\u00f5es, Declara\u00e7\u00e3o de Privacidade e Aviso de Isen\u00e7\u00e3o de Responsabilidade e todos os Acordos: \"Cliente\", \"Voc\u00ea\" e \"Seu\" se referem a voc\u00ea, a pessoa que acessa este site e est\u00e1 em conformidade com os termos e condi\u00e7\u00f5es da Empresa. \"A Empresa\", \"N\u00f3s\", \"Nossos\" e \"N\u00f3s\", se refere \u00e0 nossa Empresa. \"Parte\", \"Partes\" ou \"N\u00f3s\", refere-se tanto ao Cliente quanto a n\u00f3s mesmos. Todos os termos referem-se \u00e0 oferta, aceita\u00e7\u00e3o e considera\u00e7\u00e3o de pagamento necess\u00e1rios para realizar o processo de nossa assist\u00eancia ao Cliente da maneira mais adequada, com o prop\u00f3sito expresso de atender \u00e0s necessidades do Cliente em rela\u00e7\u00e3o \u00e0 presta\u00e7\u00e3o dos servi\u00e7os declarados pela Empresa, de acordo com e sujeito \u00e0 legisla\u00e7\u00e3o vigente do Brasil. Qualquer uso da terminologia acima ou de outras palavras no singular, plural, com letras mai\u00fasculas e\/ou ele\/ela ou eles, \u00e9 considerado como intercambi\u00e1vel e, portanto, se refere ao mesmo.<\/p>\n\n\n\n<h3 class=\"wp-block-heading open-sans\" id=\"cookies\">cookies<\/h3>\n\n\n\n<p>N\u00f3s utilizamos cookies. Ao acessar o audiosingularity, voc\u00ea concordou em utilizar cookies de acordo com a Pol\u00edtica de Privacidade do audiosingularity.<\/p>\n\n\n\n<p>A maioria dos sites interativos utiliza cookies para que possamos obter os detalhes do usu\u00e1rio a cada visita. Os cookies s\u00e3o utilizados pelo nosso site para habilitar a funcionalidade de determinadas \u00e1reas, facilitando a visita das pessoas ao nosso site. Alguns dos nossos parceiros afiliados\/anunciantes tamb\u00e9m podem utilizar cookies.<\/p>\n\n\n\n<h3 class=\"wp-block-heading open-sans\" id=\"cookies\">reembolso<\/h3>\n\n\n\n<p><a href=\"https:\/\/audiosingularity.com\/br\/refund-policy\/\">Voc\u00ea pode ler nossa pol\u00edtica de reembolso aqui.<\/a><\/p>\n\n\n\n<h3 class=\"wp-block-heading open-sans\" id=\"license\">licen\u00e7a<\/h3>\n\n\n\n<p>A menos que indicado de outra forma, o audiosingularity e\/ou seus licenciadores det\u00eam os direitos de propriedade intelectual de todo o material presente no audiosingularity. Todos os direitos de propriedade intelectual s\u00e3o reservados. Voc\u00ea pode acessar esse material no audiosingularity para seu uso pessoal, sujeito \u00e0s restri\u00e7\u00f5es estabelecidas nestes termos e condi\u00e7\u00f5es.<\/p>\n\n\n\n<p>Voc\u00ea n\u00e3o deve<\/p>\n\n\n\n<ul class=\"wp-block-list\">\n<li>Republicar material do audiosingularity sem nosso consentimento<\/li>\n\n\n\n<li>Vender, alugar ou sublicenciar material do audiosingularity<\/li>\n\n\n\n<li>Reproduzir, duplicar ou copiar material do audiosingularity<\/li>\n\n\n\n<li>Redistribuir conte\u00fado pago do audiosingularity<\/li>\n<\/ul>\n\n\n\n<p>Este acordo ter\u00e1 in\u00edcio na data de hoje.<\/p>\n\n\n\n<p>Partes deste site oferecem oportunidades para os usu\u00e1rios publicarem e trocarem opini\u00f5es e informa\u00e7\u00f5es em determinadas \u00e1reas do site. O audiosingularity n\u00e3o filtra, edita, publica ou revisa os Coment\u00e1rios antes de sua presen\u00e7a no site. Os Coment\u00e1rios n\u00e3o refletem as vis\u00f5es e opini\u00f5es do audiosingularity, seus agentes e\/ou afiliados. Os Coment\u00e1rios refletem as vis\u00f5es e opini\u00f5es da pessoa que publica suas pr\u00f3prias opini\u00f5es. Na medida em que permitido pelas leis aplic\u00e1veis, o audiosingularity n\u00e3o ser\u00e1 respons\u00e1vel pelos Coment\u00e1rios ou por qualquer responsabilidade, danos ou despesas causados e\/ou sofridos como resultado de qualquer uso e\/ou publica\u00e7\u00e3o e\/ou aparecimento dos Coment\u00e1rios neste site.<\/p>\n\n\n\n<p>O audiosingularity reserva o direito de monitorar todos os Coment\u00e1rios e remover qualquer Coment\u00e1rio que possa ser considerado inadequado, ofensivo ou que viole estes Termos e Condi\u00e7\u00f5es.<\/p>\n\n\n\n<p>Voc\u00ea garante e declara que:<\/p>\n\n\n\n<ul class=\"wp-block-list\">\n<li>Voc\u00ea tem o direito de publicar os Coment\u00e1rios em nosso site e possui todas as licen\u00e7as e consentimentos necess\u00e1rios para faz\u00ea-lo;<\/li>\n\n\n\n<li>Os Coment\u00e1rios n\u00e3o invadem nenhum direito de propriedade intelectual, incluindo, sem limita\u00e7\u00e3o, direitos autorais, patentes ou marcas registradas de terceiros;<\/li>\n\n\n\n<li>Os Coment\u00e1rios n\u00e3o cont\u00eam qualquer material difamat\u00f3rio, calunioso, ofensivo, indecente ou de outra forma ilegal que invada a privacidade;<\/li>\n\n\n\n<li>Os Coment\u00e1rios n\u00e3o ser\u00e3o utilizados para solicitar ou promover neg\u00f3cios ou clientes, apresentar atividades comerciais ou atividades ilegais.<\/li>\n<\/ul>\n\n\n\n<p>Por meio deste, voc\u00ea concede ao audiosingularity uma licen\u00e7a n\u00e3o exclusiva para usar, reproduzir, editar e autorizar terceiros a usar, reproduzir e editar quaisquer dos seus Coment\u00e1rios em todas as formas, formatos ou m\u00eddias.<\/p>\n\n\n\n<h3 class=\"wp-block-heading open-sans\" id=\"hyperlinking-to-our-content\">linkando nosso conte\u00fado<\/h3>\n\n\n\n<p>As seguintes organiza\u00e7\u00f5es podem fazer link para o nosso site sem autoriza\u00e7\u00e3o pr\u00e9via por escrito:<\/p>\n\n\n\n<ul class=\"wp-block-list\">\n<li>Ag\u00eancias governamentais;<\/li>\n\n\n\n<li>Mecanismos de busca;<\/li>\n\n\n\n<li>Organiza\u00e7\u00f5es de not\u00edcias;<\/li>\n\n\n\n<li>Distribuidores de diret\u00f3rios online podem fazer link para o nosso site da mesma forma que vinculam aos sites de outras empresas listadas<\/li>\n\n\n\n<li>Empresas credenciadas em todo o sistema, exceto organiza\u00e7\u00f5es sem fins lucrativos, shoppings de caridade e grupos de arrecada\u00e7\u00e3o de fundos de caridade que n\u00e3o podem fazer hiperlink para o nosso site.<\/li>\n<\/ul>\n\n\n\n<p>Essas organiza\u00e7\u00f5es podem fazer link para nossa p\u00e1gina inicial, publica\u00e7\u00f5es ou outras informa\u00e7\u00f5es do site, desde que o link: (a) n\u00e3o seja de forma alguma enganoso; (b) n\u00e3o implique falsamente patroc\u00ednio, endosso ou aprova\u00e7\u00e3o da parte que faz o link e de seus produtos e\/ou servi\u00e7os; e (c) esteja de acordo com o contexto do site da parte que faz o link.<\/p>\n\n\n\n<p>Podemos considerar e aprovar outras solicita\u00e7\u00f5es de link dos seguintes tipos de organiza\u00e7\u00f5es:<\/p>\n\n\n\n<ul class=\"wp-block-list\">\n<li>fontes de informa\u00e7\u00f5es comumente conhecidas para consumidores e\/ou empresas;<\/li>\n\n\n\n<li>sites da comunidade dot.com;<\/li>\n\n\n\n<li>associa\u00e7\u00f5es ou outros grupos representando organiza\u00e7\u00f5es beneficentes;<\/li>\n\n\n\n<li>distribuidores de diret\u00f3rios online;<\/li>\n\n\n\n<li>portais da internet;<\/li>\n\n\n\n<li>empresas de contabilidade, direito e consultoria; e<\/li>\n\n\n\n<li>institui\u00e7\u00f5es educacionais e associa\u00e7\u00f5es comerciais.<\/li>\n<\/ul>\n\n\n\n<p>N\u00f3s iremos aprovar solicita\u00e7\u00f5es de link dessas organiza\u00e7\u00f5es se decidirmos que: (a) o link n\u00e3o nos prejudicar\u00e1 ou prejudicar\u00e1 nossos neg\u00f3cios credenciados; (b) a organiza\u00e7\u00e3o n\u00e3o possui registros negativos conosco; (c) o benef\u00edcio para n\u00f3s pela visibilidade do hiperlink compensa a aus\u00eancia do audiosingularity; e (d) o link est\u00e1 no contexto de informa\u00e7\u00f5es gerais de recursos.<\/p>\n\n\n\n<p>Essas organiza\u00e7\u00f5es podem fazer link para nossa p\u00e1gina inicial, desde que o link: (a) n\u00e3o seja de forma alguma enganoso; (b) n\u00e3o implique falsamente patroc\u00ednio, endosso ou aprova\u00e7\u00e3o da parte que faz o link e de seus produtos ou servi\u00e7os; e (c) esteja de acordo com o contexto do site da parte que faz o link.<\/p>\n\n\n\n<p>Se voc\u00ea \u00e9 uma das organiza\u00e7\u00f5es listadas no par\u00e1grafo 2 acima e est\u00e1 interessado em fazer um link para o nosso site, voc\u00ea deve nos informar enviando um e-mail para audiosingularity. Por favor, inclua seu nome, nome da sua organiza\u00e7\u00e3o, informa\u00e7\u00f5es de contato, bem como a URL do seu site, uma lista de quaisquer URLs de onde voc\u00ea pretende fazer o link para o nosso site e uma lista das URLs em nosso site para as quais voc\u00ea gostaria de fazer o link. Aguarde 2-3 semanas por uma resposta.<\/p>\n\n\n\n<p>Organiza\u00e7\u00f5es aprovadas podem hiperlinkar para o nosso site da seguinte forma:<\/p>\n\n\n\n<ul class=\"wp-block-list\">\n<li>Utilizando o nosso nome corporativo; ou<\/li>\n\n\n\n<li>Utilizando o URL (endere\u00e7o) da web ao qual est\u00e1 sendo vinculado; ou<\/li>\n\n\n\n<li>Utilizando qualquer outra descri\u00e7\u00e3o do nosso site que fa\u00e7a sentido dentro do contexto e formato de conte\u00fado no site da parte que est\u00e1 fazendo o link.<\/li>\n<\/ul>\n\n\n\n<p>N\u00e3o ser\u00e1 permitido o uso do logotipo do audiosingularity ou de outras imagens para fins de link, a menos que haja um acordo de licen\u00e7a de marca registrada.<\/p>\n\n\n\n<h3 class=\"wp-block-heading open-sans\" id=\"iframes\">iFrames<\/h3>\n\n\n\n<p>Sem aprova\u00e7\u00e3o pr\u00e9via e permiss\u00e3o por escrito, voc\u00ea n\u00e3o pode criar molduras ao redor de nossas p\u00e1ginas da web que alterem de alguma forma a apresenta\u00e7\u00e3o visual ou apar\u00eancia do nosso site.<\/p>\n\n\n\n<h3 class=\"wp-block-heading open-sans\" id=\"content-liability\">Responsabilidade pelo conte\u00fado<\/h3>\n\n\n\n<p>N\u00e3o seremos respons\u00e1veis por qualquer conte\u00fado que apare\u00e7a no seu site. Voc\u00ea concorda em nos proteger e defender contra todas as reivindica\u00e7\u00f5es que surjam no seu site. Nenhum link deve aparecer em qualquer site que possa ser interpretado como difamat\u00f3rio, obsceno ou criminoso, ou que infrinja, viole ou defenda a viola\u00e7\u00e3o de direitos de terceiros.<\/p>\n\n\n\n<h3 class=\"wp-block-heading open-sans\" id=\"your-privacy\">sua privacidade<\/h3>\n\n\n\n<p>Por favor leia a <a href=\"https:\/\/audiosingularity.com\/br\/privacy-policy\/\">Pol\u00edtica de privacidade<\/a><a data-type=\"page\" data-id=\"3\" href=\"http:\/\/0.0.0.0\/privacy-policy\/\">y<\/a>.<\/p>\n\n\n\n<h3 class=\"wp-block-heading open-sans\" id=\"reservation-of-rights\">reserva de direitos<\/h3>\n\n\n\n<p>Reservamos o direito de solicitar que voc\u00ea remova todos os links ou qualquer link espec\u00edfico para o nosso site. Voc\u00ea concorda em remover imediatamente todos os links para o nosso site quando solicitado. Tamb\u00e9m reservamos o direito de alterar estes termos e condi\u00e7\u00f5es e a pol\u00edtica de links a qualquer momento. Ao continuar a fazer link para o nosso site, voc\u00ea concorda em ficar vinculado e seguir estes termos e condi\u00e7\u00f5es de link.<\/p>\n\n\n\n<h3 class=\"wp-block-heading open-sans\" id=\"removal-of-links-from-our-website\">removendo links de nosso website<\/h3>\n\n\n\n<p>Se voc\u00ea encontrar qualquer link em nosso site que seja ofensivo por qualquer motivo, fique \u00e0 vontade para entrar em contato e nos informar a qualquer momento. Consideraremos solicita\u00e7\u00f5es para remover links, mas n\u00e3o somos obrigados a faz\u00ea-lo ou a responder diretamente a voc\u00ea.<\/p>\n\n\n\n<p>N\u00e3o garantimos que as informa\u00e7\u00f5es contidas neste site sejam corretas, n\u00e3o garantimos sua completude ou precis\u00e3o; tampouco prometemos garantir que o site esteja sempre dispon\u00edvel ou que o material no site esteja atualizado.<\/p>\n\n\n\n<h3 class=\"wp-block-heading open-sans\" id=\"disclaimer\">disclaimer<\/h3>\n\n\n\n<p>At\u00e9 o limite m\u00e1ximo permitido pela lei aplic\u00e1vel, exclu\u00edmos todas as representa\u00e7\u00f5es, garantias e condi\u00e7\u00f5es relacionadas ao nosso site e ao uso deste site. Nada neste aviso legal ir\u00e1:<\/p>\n\n\n\n<ul class=\"wp-block-list\">\n<li>limitar ou excluir nossa ou sua responsabilidade por morte ou les\u00e3o pessoal;<\/li>\n\n\n\n<li>limitar ou excluir nossa ou sua responsabilidade por fraude ou representa\u00e7\u00e3o fraudulenta;<\/li>\n\n\n\n<li>limitar qualquer uma de nossas ou suas responsabilidades de qualquer forma que n\u00e3o seja permitida pela lei aplic\u00e1vel; ou<\/li>\n\n\n\n<li>excluir qualquer uma de nossas ou suas responsabilidades que n\u00e3o possam ser exclu\u00eddas pela lei aplic\u00e1vel.<\/li>\n<\/ul>\n\n\n\n<p>As limita\u00e7\u00f5es e proibi\u00e7\u00f5es de responsabilidade estabelecidas nesta se\u00e7\u00e3o e em outros lugares deste aviso legal: (a) est\u00e3o sujeitas ao par\u00e1grafo anterior; e (b) regem todas as responsabilidades decorrentes deste aviso legal, incluindo responsabilidades decorrentes de contrato, ato il\u00edcito e viola\u00e7\u00e3o de dever legal.<\/p>\n\n\n\n<p>Desde que o site, as informa\u00e7\u00f5es e os servi\u00e7os fornecidos no site sejam gratuitos, n\u00e3o seremos respons\u00e1veis por qualquer perda ou dano de qualquer natureza.<\/p>","protected":false},"excerpt":{"rendered":"<p>terms and conditions Welcome to audiosingularity! These terms and conditions outline the rules and regulations for the use of audiosingularity&#8217;s Website, located at audiosingularity.com. By accessing this website we assume you accept these terms and conditions. Do not continue to use audiosingularity if you do not agree to take all of the terms and conditions [&hellip;]<\/p>\n","protected":false},"author":1,"featured_media":0,"parent":0,"menu_order":0,"comment_status":"closed","ping_status":"closed","template":"","meta":{"footnotes":""},"class_list":["post-10","page","type-page","status-publish","hentry"],"yoast_head":"<!-- This site is optimized with the Yoast SEO plugin v27.2 - https:\/\/yoast.com\/product\/yoast-seo-wordpress\/ -->\n<title>terms and conditions - audiosingularity<\/title>\n<meta name=\"robots\" content=\"index, follow, max-snippet:-1, max-image-preview:large, max-video-preview:-1\" \/>\n<link rel=\"canonical\" href=\"https:\/\/audiosingularity.com\/br\/terms-and-conditions\/\" \/>\n<meta property=\"og:locale\" content=\"pt_BR\" \/>\n<meta property=\"og:type\" content=\"article\" \/>\n<meta property=\"og:title\" content=\"terms and conditions - audiosingularity\" \/>\n<meta property=\"og:description\" content=\"terms and conditions Welcome to audiosingularity! These terms and conditions outline the rules and regulations for the use of audiosingularity&#8217;s Website, located at audiosingularity.com. By accessing this website we assume you accept these terms and conditions. Do not continue to use audiosingularity if you do not agree to take all of the terms and conditions [&hellip;]\" \/>\n<meta property=\"og:url\" content=\"https:\/\/audiosingularity.com\/br\/terms-and-conditions\/\" \/>\n<meta property=\"og:site_name\" content=\"audiosingularity\" \/>\n<meta property=\"article:modified_time\" content=\"2024-06-21T15:01:39+00:00\" \/>\n<meta name=\"twitter:card\" content=\"summary_large_image\" \/>\n<meta name=\"twitter:label1\" content=\"Est. reading time\" \/>\n\t<meta name=\"twitter:data1\" content=\"7 minutes\" \/>\n<script type=\"application\/ld+json\" class=\"yoast-schema-graph\">{\"@context\":\"https:\/\/schema.org\",\"@graph\":[{\"@type\":\"WebPage\",\"@id\":\"https:\/\/audiosingularity.com\/terms-and-conditions\/\",\"url\":\"https:\/\/audiosingularity.com\/terms-and-conditions\/\",\"name\":\"terms and conditions - audiosingularity\",\"isPartOf\":{\"@id\":\"https:\/\/audiosingularity.com\/#website\"},\"datePublished\":\"2022-02-01T18:23:50+00:00\",\"dateModified\":\"2024-06-21T15:01:39+00:00\",\"breadcrumb\":{\"@id\":\"https:\/\/audiosingularity.com\/terms-and-conditions\/#breadcrumb\"},\"inLanguage\":\"pt-BR\",\"potentialAction\":[{\"@type\":\"ReadAction\",\"target\":[\"https:\/\/audiosingularity.com\/terms-and-conditions\/\"]}]},{\"@type\":\"BreadcrumbList\",\"@id\":\"https:\/\/audiosingularity.com\/terms-and-conditions\/#breadcrumb\",\"itemListElement\":[{\"@type\":\"ListItem\",\"position\":1,\"name\":\"Home\",\"item\":\"https:\/\/audiosingularity.com\/\"},{\"@type\":\"ListItem\",\"position\":2,\"name\":\"terms and conditions\"}]},{\"@type\":\"WebSite\",\"@id\":\"https:\/\/audiosingularity.com\/#website\",\"url\":\"https:\/\/audiosingularity.com\/\",\"name\":\"audiosingularity\",\"description\":\"audio plugins development\",\"publisher\":{\"@id\":\"https:\/\/audiosingularity.com\/#organization\"},\"potentialAction\":[{\"@type\":\"SearchAction\",\"target\":{\"@type\":\"EntryPoint\",\"urlTemplate\":\"https:\/\/audiosingularity.com\/?s={search_term_string}\"},\"query-input\":{\"@type\":\"PropertyValueSpecification\",\"valueRequired\":true,\"valueName\":\"search_term_string\"}}],\"inLanguage\":\"pt-BR\"},{\"@type\":\"Organization\",\"@id\":\"https:\/\/audiosingularity.com\/#organization\",\"name\":\"audiosingularity\",\"url\":\"https:\/\/audiosingularity.com\/\",\"logo\":{\"@type\":\"ImageObject\",\"inLanguage\":\"pt-BR\",\"@id\":\"https:\/\/audiosingularity.com\/#\/schema\/logo\/image\/\",\"url\":\"https:\/\/audiosingularity.com\/wp-content\/uploads\/2022\/01\/cropped-icon-black.png\",\"contentUrl\":\"https:\/\/audiosingularity.com\/wp-content\/uploads\/2022\/01\/cropped-icon-black.png\",\"width\":512,\"height\":512,\"caption\":\"audiosingularity\"},\"image\":{\"@id\":\"https:\/\/audiosingularity.com\/#\/schema\/logo\/image\/\"},\"sameAs\":[\"https:\/\/instagram.com\/audiosingularity\"]}]}<\/script>\n<!-- \/ Yoast SEO plugin. -->","yoast_head_json":{"title":"terms and conditions - audiosingularity","robots":{"index":"index","follow":"follow","max-snippet":"max-snippet:-1","max-image-preview":"max-image-preview:large","max-video-preview":"max-video-preview:-1"},"canonical":"https:\/\/audiosingularity.com\/br\/terms-and-conditions\/","og_locale":"pt_BR","og_type":"article","og_title":"terms and conditions - audiosingularity","og_description":"terms and conditions Welcome to audiosingularity! These terms and conditions outline the rules and regulations for the use of audiosingularity&#8217;s Website, located at audiosingularity.com. By accessing this website we assume you accept these terms and conditions. Do not continue to use audiosingularity if you do not agree to take all of the terms and conditions [&hellip;]","og_url":"https:\/\/audiosingularity.com\/br\/terms-and-conditions\/","og_site_name":"audiosingularity","article_modified_time":"2024-06-21T15:01:39+00:00","twitter_card":"summary_large_image","twitter_misc":{"Est. reading time":"7 minutes"},"schema":{"@context":"https:\/\/schema.org","@graph":[{"@type":"WebPage","@id":"https:\/\/audiosingularity.com\/terms-and-conditions\/","url":"https:\/\/audiosingularity.com\/terms-and-conditions\/","name":"terms and conditions - audiosingularity","isPartOf":{"@id":"https:\/\/audiosingularity.com\/#website"},"datePublished":"2022-02-01T18:23:50+00:00","dateModified":"2024-06-21T15:01:39+00:00","breadcrumb":{"@id":"https:\/\/audiosingularity.com\/terms-and-conditions\/#breadcrumb"},"inLanguage":"pt-BR","potentialAction":[{"@type":"ReadAction","target":["https:\/\/audiosingularity.com\/terms-and-conditions\/"]}]},{"@type":"BreadcrumbList","@id":"https:\/\/audiosingularity.com\/terms-and-conditions\/#breadcrumb","itemListElement":[{"@type":"ListItem","position":1,"name":"Home","item":"https:\/\/audiosingularity.com\/"},{"@type":"ListItem","position":2,"name":"terms and conditions"}]},{"@type":"WebSite","@id":"https:\/\/audiosingularity.com\/#website","url":"https:\/\/audiosingularity.com\/","name":"audiosingularity","description":"audio plugins development","publisher":{"@id":"https:\/\/audiosingularity.com\/#organization"},"potentialAction":[{"@type":"SearchAction","target":{"@type":"EntryPoint","urlTemplate":"https:\/\/audiosingularity.com\/?s={search_term_string}"},"query-input":{"@type":"PropertyValueSpecification","valueRequired":true,"valueName":"search_term_string"}}],"inLanguage":"pt-BR"},{"@type":"Organization","@id":"https:\/\/audiosingularity.com\/#organization","name":"audiosingularity","url":"https:\/\/audiosingularity.com\/","logo":{"@type":"ImageObject","inLanguage":"pt-BR","@id":"https:\/\/audiosingularity.com\/#\/schema\/logo\/image\/","url":"https:\/\/audiosingularity.com\/wp-content\/uploads\/2022\/01\/cropped-icon-black.png","contentUrl":"https:\/\/audiosingularity.com\/wp-content\/uploads\/2022\/01\/cropped-icon-black.png","width":512,"height":512,"caption":"audiosingularity"},"image":{"@id":"https:\/\/audiosingularity.com\/#\/schema\/logo\/image\/"},"sameAs":["https:\/\/instagram.com\/audiosingularity"]}]}},"_links":{"self":[{"href":"https:\/\/audiosingularity.com\/br\/wp-json\/wp\/v2\/pages\/10","targetHints":{"allow":["GET"]}}],"collection":[{"href":"https:\/\/audiosingularity.com\/br\/wp-json\/wp\/v2\/pages"}],"about":[{"href":"https:\/\/audiosingularity.com\/br\/wp-json\/wp\/v2\/types\/page"}],"author":[{"embeddable":true,"href":"https:\/\/audiosingularity.com\/br\/wp-json\/wp\/v2\/users\/1"}],"replies":[{"embeddable":true,"href":"https:\/\/audiosingularity.com\/br\/wp-json\/wp\/v2\/comments?post=10"}],"version-history":[{"count":12,"href":"https:\/\/audiosingularity.com\/br\/wp-json\/wp\/v2\/pages\/10\/revisions"}],"predecessor-version":[{"id":1218,"href":"https:\/\/audiosingularity.com\/br\/wp-json\/wp\/v2\/pages\/10\/revisions\/1218"}],"wp:attachment":[{"href":"https:\/\/audiosingularity.com\/br\/wp-json\/wp\/v2\/media?parent=10"}],"curies":[{"name":"wp","href":"https:\/\/api.w.org\/{rel}","templated":true}]}}