{"id":16,"date":"2022-01-29T14:41:34","date_gmt":"2022-01-29T14:41:34","guid":{"rendered":"https:\/\/audiosingularity.com\/?page_id=16"},"modified":"2025-12-16T16:00:03","modified_gmt":"2025-12-16T16:00:03","slug":"the-team","status":"publish","type":"page","link":"https:\/\/audiosingularity.com\/br\/the-team\/","title":{"rendered":"quem somos"},"content":{"rendered":"<div class=\"wp-block-cover alignfull main-banner-home full-width\" style=\"min-height:540px;aspect-ratio:unset;\"><img loading=\"lazy\" decoding=\"async\" width=\"2500\" height=\"1279\" class=\"wp-block-cover__image-background wp-image-1187\" alt=\"Eduardo e Vitor hanging out on Bangue Est\u00fadio\" src=\"https:\/\/audiosingularity.com\/wp-content\/uploads\/2024\/06\/audiosingularity-eduardo-vitor.jpg\" style=\"object-position:22% 12%\" data-object-fit=\"cover\" data-object-position=\"22% 12%\" srcset=\"https:\/\/audiosingularity.com\/wp-content\/uploads\/2024\/06\/audiosingularity-eduardo-vitor.jpg 2500w, https:\/\/audiosingularity.com\/wp-content\/uploads\/2024\/06\/audiosingularity-eduardo-vitor-300x153.jpg 300w, https:\/\/audiosingularity.com\/wp-content\/uploads\/2024\/06\/audiosingularity-eduardo-vitor-1024x524.jpg 1024w, https:\/\/audiosingularity.com\/wp-content\/uploads\/2024\/06\/audiosingularity-eduardo-vitor-768x393.jpg 768w, https:\/\/audiosingularity.com\/wp-content\/uploads\/2024\/06\/audiosingularity-eduardo-vitor-1536x786.jpg 1536w, https:\/\/audiosingularity.com\/wp-content\/uploads\/2024\/06\/audiosingularity-eduardo-vitor-2048x1048.jpg 2048w, https:\/\/audiosingularity.com\/wp-content\/uploads\/2024\/06\/audiosingularity-eduardo-vitor-18x9.jpg 18w, https:\/\/audiosingularity.com\/wp-content\/uploads\/2024\/06\/audiosingularity-eduardo-vitor-324x166.jpg 324w, https:\/\/audiosingularity.com\/wp-content\/uploads\/2024\/06\/audiosingularity-eduardo-vitor-416x213.jpg 416w, https:\/\/audiosingularity.com\/wp-content\/uploads\/2024\/06\/audiosingularity-eduardo-vitor-176x90.jpg 176w\" sizes=\"auto, (max-width: 2500px) 100vw, 2500px\" \/><span aria-hidden=\"true\" class=\"wp-block-cover__background has-background-dim-0 has-background-dim\" style=\"background-color:#272124\"><\/span><div class=\"wp-block-cover__inner-container is-layout-constrained wp-block-cover-is-layout-constrained\">\n<p class=\"has-text-align-center has-large-font-size\"><\/p>\n<\/div><\/div>\n\n\n\n<div class=\"wp-block-cover alignfull mobile-banner-home full-width\" style=\"min-height:300px;aspect-ratio:unset;\"><img loading=\"lazy\" decoding=\"async\" width=\"2500\" height=\"1279\" class=\"wp-block-cover__image-background wp-image-1187\" alt=\"Eduardo e Vitor hanging out on Bangue Est\u00fadio\" src=\"https:\/\/audiosingularity.com\/wp-content\/uploads\/2024\/06\/audiosingularity-eduardo-vitor.jpg\" style=\"object-position:22% 12%\" data-object-fit=\"cover\" data-object-position=\"22% 12%\" srcset=\"https:\/\/audiosingularity.com\/wp-content\/uploads\/2024\/06\/audiosingularity-eduardo-vitor.jpg 2500w, https:\/\/audiosingularity.com\/wp-content\/uploads\/2024\/06\/audiosingularity-eduardo-vitor-300x153.jpg 300w, https:\/\/audiosingularity.com\/wp-content\/uploads\/2024\/06\/audiosingularity-eduardo-vitor-1024x524.jpg 1024w, https:\/\/audiosingularity.com\/wp-content\/uploads\/2024\/06\/audiosingularity-eduardo-vitor-768x393.jpg 768w, https:\/\/audiosingularity.com\/wp-content\/uploads\/2024\/06\/audiosingularity-eduardo-vitor-1536x786.jpg 1536w, https:\/\/audiosingularity.com\/wp-content\/uploads\/2024\/06\/audiosingularity-eduardo-vitor-2048x1048.jpg 2048w, https:\/\/audiosingularity.com\/wp-content\/uploads\/2024\/06\/audiosingularity-eduardo-vitor-18x9.jpg 18w, https:\/\/audiosingularity.com\/wp-content\/uploads\/2024\/06\/audiosingularity-eduardo-vitor-324x166.jpg 324w, https:\/\/audiosingularity.com\/wp-content\/uploads\/2024\/06\/audiosingularity-eduardo-vitor-416x213.jpg 416w, https:\/\/audiosingularity.com\/wp-content\/uploads\/2024\/06\/audiosingularity-eduardo-vitor-176x90.jpg 176w\" sizes=\"auto, (max-width: 2500px) 100vw, 2500px\" \/><span aria-hidden=\"true\" class=\"wp-block-cover__background has-background-dim-0 has-background-dim\" style=\"background-color:#272124\"><\/span><div class=\"wp-block-cover__inner-container is-layout-constrained wp-block-cover-is-layout-constrained\">\n<p class=\"has-text-align-center has-large-font-size\"><\/p>\n<\/div><\/div>\n\n\n\n<p class=\"has-small-font-size\"><\/p>\n\n\n\n<div style=\"height:60px\" aria-hidden=\"true\" class=\"wp-block-spacer\"><\/div>\n\n\n\n<h2 class=\"wp-block-heading open-sans\" id=\"who-we-are\">sobre n\u00f3s<\/h2>\n\n\n\n<p class=\"translation-block\">Bem-vindo \u00e0 audiosingularity, uma opera\u00e7\u00e3o de desenvolvimento de DSP e \u00e1udio de <a href=\"https:\/\/www.instagram.com\/xmanfredini\/\" target=\"_self\">dois<\/a> <a href=\"https:\/\/www.instagram.com\/codemadeart\/\" target=\"_self\">irm\u00e3os<\/a> baseada em duas cidades vibrantes: S\u00e3o Paulo e Taubat\u00e9, ambas no estado de S\u00e3o Paulo, Brasil.<\/p>\n\n\n\n<p>Usamos t\u00e9cnicas anal\u00f3gicas (\u00e0s vezes criando circuitos anal\u00f3gicos personalizados), combinadas com t\u00e9cnicas de \u00e1udio digital (DSP tradicional, intelig\u00eancia artificial, etc.) para modelar hardware musical real e fornecer solu\u00e7\u00f5es inovadoras para m\u00fasicos e produtores.<\/p>\n\n\n\n<p>Cada produto que desenvolvemos passa por um processo rigoroso, desde uma pesquisa extensa at\u00e9 um preciso desenvolvimento, garantindo que atenda aos altos padr\u00f5es da ind\u00fastria musical. Nosso trabalho reflete nosso profundo compromisso com a qualidade e nosso amor pela m\u00fasica.<\/p>\n\n\n\n<p>Com grande paix\u00e3o, criamos cada produto pensando em m\u00fasicos e produtores, dedicando-nos incansavelmente a inspirar a criatividade e aprimorar a experi\u00eancia de produ\u00e7\u00e3o.<\/p>\n\n\n\n<p>Junte-se a n\u00f3s em nossa jornada enquanto continuamos a expandir os limites da tecnologia de \u00e1udio, tornando um som excepcional acess\u00edvel a todos.<\/p>\n\n\n\n<h2 class=\"wp-block-heading open-sans\">segue a\u00ed<\/h2>\n\n\n\n<p>Segue a gente l\u00e1, <a href=\"https:\/\/instagram.com\/audiosingularity\">@audiosingularity<\/a> no instagram para novidades. Obrigado!<\/p>\n\n\n\n<div style=\"height:60px\" aria-hidden=\"true\" class=\"wp-block-spacer\"><\/div>\n\n\n<div class=\"wp-block-image\">\n<figure class=\"aligncenter size-full is-resized\"><img loading=\"lazy\" decoding=\"async\" width=\"1080\" height=\"1165\" src=\"https:\/\/audiosingularity.com\/wp-content\/uploads\/2025\/12\/audioSingualityDraw.jpg\" alt=\"\" class=\"wp-image-2928\" style=\"aspect-ratio:0.927042658218522;width:370px;height:auto\" srcset=\"https:\/\/audiosingularity.com\/wp-content\/uploads\/2025\/12\/audioSingualityDraw.jpg 1080w, https:\/\/audiosingularity.com\/wp-content\/uploads\/2025\/12\/audioSingualityDraw-695x750.jpg 695w, https:\/\/audiosingularity.com\/wp-content\/uploads\/2025\/12\/audioSingualityDraw-278x300.jpg 278w, https:\/\/audiosingularity.com\/wp-content\/uploads\/2025\/12\/audioSingualityDraw-768x828.jpg 768w, https:\/\/audiosingularity.com\/wp-content\/uploads\/2025\/12\/audioSingualityDraw-11x12.jpg 11w, https:\/\/audiosingularity.com\/wp-content\/uploads\/2025\/12\/audioSingualityDraw-83x90.jpg 83w, https:\/\/audiosingularity.com\/wp-content\/uploads\/2025\/12\/audioSingualityDraw-324x350.jpg 324w, https:\/\/audiosingularity.com\/wp-content\/uploads\/2025\/12\/audioSingualityDraw-416x449.jpg 416w\" sizes=\"auto, (max-width: 1080px) 100vw, 1080px\" \/><\/figure>\n<\/div>","protected":false},"excerpt":{"rendered":"<p>who we are Welcome to Audiosingularity, a two brothers&#8216; DSP and audio development operation based in two vibrant cities: S\u00e3o Paulo and Taubat\u00e9, both in the State of S\u00e3o Paulo, Brazil. We use analog techniques (sometimes creating custom analog circuits), combined with digital audio techniques (traditional DSP, artificial intelligence, etc.) to model real-world music hardware [&hellip;]<\/p>\n","protected":false},"author":1,"featured_media":0,"parent":0,"menu_order":0,"comment_status":"closed","ping_status":"closed","template":"","meta":{"footnotes":""},"class_list":["post-16","page","type-page","status-publish","hentry"],"yoast_head":"<!-- This site is optimized with the Yoast SEO plugin v27.2 - https:\/\/yoast.com\/product\/yoast-seo-wordpress\/ -->\n<title>the team - audiosingularity<\/title>\n<meta name=\"robots\" content=\"index, follow, max-snippet:-1, max-image-preview:large, max-video-preview:-1\" \/>\n<link rel=\"canonical\" href=\"https:\/\/audiosingularity.com\/br\/the-team\/\" \/>\n<meta property=\"og:locale\" content=\"pt_BR\" \/>\n<meta property=\"og:type\" content=\"article\" \/>\n<meta property=\"og:title\" content=\"the team - audiosingularity\" \/>\n<meta property=\"og:description\" content=\"who we are Welcome to Audiosingularity, a two brothers&#8216; DSP and audio development operation based in two vibrant cities: S\u00e3o Paulo and Taubat\u00e9, both in the State of S\u00e3o Paulo, Brazil. We use analog techniques (sometimes creating custom analog circuits), combined with digital audio techniques (traditional DSP, artificial intelligence, etc.) to model real-world music hardware [&hellip;]\" \/>\n<meta property=\"og:url\" content=\"https:\/\/audiosingularity.com\/br\/the-team\/\" \/>\n<meta property=\"og:site_name\" content=\"audiosingularity\" \/>\n<meta property=\"article:modified_time\" content=\"2025-12-16T16:00:03+00:00\" \/>\n<meta property=\"og:image\" content=\"https:\/\/audiosingularity.com\/wp-content\/uploads\/2024\/06\/audiosingularity-eduardo-vitor.jpg\" \/>\n\t<meta property=\"og:image:width\" content=\"2500\" \/>\n\t<meta property=\"og:image:height\" content=\"1279\" \/>\n\t<meta property=\"og:image:type\" content=\"image\/jpeg\" \/>\n<meta name=\"twitter:card\" content=\"summary_large_image\" \/>\n<meta name=\"twitter:label1\" content=\"Est. reading time\" \/>\n\t<meta name=\"twitter:data1\" content=\"2 minutes\" \/>\n<script type=\"application\/ld+json\" class=\"yoast-schema-graph\">{\"@context\":\"https:\/\/schema.org\",\"@graph\":[{\"@type\":\"WebPage\",\"@id\":\"https:\/\/audiosingularity.com\/the-team\/\",\"url\":\"https:\/\/audiosingularity.com\/the-team\/\",\"name\":\"the team - audiosingularity\",\"isPartOf\":{\"@id\":\"https:\/\/audiosingularity.com\/#website\"},\"primaryImageOfPage\":{\"@id\":\"https:\/\/audiosingularity.com\/the-team\/#primaryimage\"},\"image\":{\"@id\":\"https:\/\/audiosingularity.com\/the-team\/#primaryimage\"},\"thumbnailUrl\":\"https:\/\/audiosingularity.com\/wp-content\/uploads\/2024\/06\/audiosingularity-eduardo-vitor.jpg\",\"datePublished\":\"2022-01-29T14:41:34+00:00\",\"dateModified\":\"2025-12-16T16:00:03+00:00\",\"breadcrumb\":{\"@id\":\"https:\/\/audiosingularity.com\/the-team\/#breadcrumb\"},\"inLanguage\":\"pt-BR\",\"potentialAction\":[{\"@type\":\"ReadAction\",\"target\":[\"https:\/\/audiosingularity.com\/the-team\/\"]}]},{\"@type\":\"ImageObject\",\"inLanguage\":\"pt-BR\",\"@id\":\"https:\/\/audiosingularity.com\/the-team\/#primaryimage\",\"url\":\"https:\/\/audiosingularity.com\/wp-content\/uploads\/2024\/06\/audiosingularity-eduardo-vitor.jpg\",\"contentUrl\":\"https:\/\/audiosingularity.com\/wp-content\/uploads\/2024\/06\/audiosingularity-eduardo-vitor.jpg\"},{\"@type\":\"BreadcrumbList\",\"@id\":\"https:\/\/audiosingularity.com\/the-team\/#breadcrumb\",\"itemListElement\":[{\"@type\":\"ListItem\",\"position\":1,\"name\":\"Home\",\"item\":\"https:\/\/audiosingularity.com\/\"},{\"@type\":\"ListItem\",\"position\":2,\"name\":\"the team\"}]},{\"@type\":\"WebSite\",\"@id\":\"https:\/\/audiosingularity.com\/#website\",\"url\":\"https:\/\/audiosingularity.com\/\",\"name\":\"audiosingularity\",\"description\":\"audio plugins development\",\"publisher\":{\"@id\":\"https:\/\/audiosingularity.com\/#organization\"},\"potentialAction\":[{\"@type\":\"SearchAction\",\"target\":{\"@type\":\"EntryPoint\",\"urlTemplate\":\"https:\/\/audiosingularity.com\/?s={search_term_string}\"},\"query-input\":{\"@type\":\"PropertyValueSpecification\",\"valueRequired\":true,\"valueName\":\"search_term_string\"}}],\"inLanguage\":\"pt-BR\"},{\"@type\":\"Organization\",\"@id\":\"https:\/\/audiosingularity.com\/#organization\",\"name\":\"audiosingularity\",\"url\":\"https:\/\/audiosingularity.com\/\",\"logo\":{\"@type\":\"ImageObject\",\"inLanguage\":\"pt-BR\",\"@id\":\"https:\/\/audiosingularity.com\/#\/schema\/logo\/image\/\",\"url\":\"https:\/\/audiosingularity.com\/wp-content\/uploads\/2022\/01\/cropped-icon-black.png\",\"contentUrl\":\"https:\/\/audiosingularity.com\/wp-content\/uploads\/2022\/01\/cropped-icon-black.png\",\"width\":512,\"height\":512,\"caption\":\"audiosingularity\"},\"image\":{\"@id\":\"https:\/\/audiosingularity.com\/#\/schema\/logo\/image\/\"},\"sameAs\":[\"https:\/\/instagram.com\/audiosingularity\"]}]}<\/script>\n<!-- \/ Yoast SEO plugin. -->","yoast_head_json":{"title":"the team - audiosingularity","robots":{"index":"index","follow":"follow","max-snippet":"max-snippet:-1","max-image-preview":"max-image-preview:large","max-video-preview":"max-video-preview:-1"},"canonical":"https:\/\/audiosingularity.com\/br\/the-team\/","og_locale":"pt_BR","og_type":"article","og_title":"the team - audiosingularity","og_description":"who we are Welcome to Audiosingularity, a two brothers&#8216; DSP and audio development operation based in two vibrant cities: S\u00e3o Paulo and Taubat\u00e9, both in the State of S\u00e3o Paulo, Brazil. We use analog techniques (sometimes creating custom analog circuits), combined with digital audio techniques (traditional DSP, artificial intelligence, etc.) to model real-world music hardware [&hellip;]","og_url":"https:\/\/audiosingularity.com\/br\/the-team\/","og_site_name":"audiosingularity","article_modified_time":"2025-12-16T16:00:03+00:00","og_image":[{"width":2500,"height":1279,"url":"https:\/\/audiosingularity.com\/wp-content\/uploads\/2024\/06\/audiosingularity-eduardo-vitor.jpg","type":"image\/jpeg"}],"twitter_card":"summary_large_image","twitter_misc":{"Est. reading time":"2 minutes"},"schema":{"@context":"https:\/\/schema.org","@graph":[{"@type":"WebPage","@id":"https:\/\/audiosingularity.com\/the-team\/","url":"https:\/\/audiosingularity.com\/the-team\/","name":"the team - audiosingularity","isPartOf":{"@id":"https:\/\/audiosingularity.com\/#website"},"primaryImageOfPage":{"@id":"https:\/\/audiosingularity.com\/the-team\/#primaryimage"},"image":{"@id":"https:\/\/audiosingularity.com\/the-team\/#primaryimage"},"thumbnailUrl":"https:\/\/audiosingularity.com\/wp-content\/uploads\/2024\/06\/audiosingularity-eduardo-vitor.jpg","datePublished":"2022-01-29T14:41:34+00:00","dateModified":"2025-12-16T16:00:03+00:00","breadcrumb":{"@id":"https:\/\/audiosingularity.com\/the-team\/#breadcrumb"},"inLanguage":"pt-BR","potentialAction":[{"@type":"ReadAction","target":["https:\/\/audiosingularity.com\/the-team\/"]}]},{"@type":"ImageObject","inLanguage":"pt-BR","@id":"https:\/\/audiosingularity.com\/the-team\/#primaryimage","url":"https:\/\/audiosingularity.com\/wp-content\/uploads\/2024\/06\/audiosingularity-eduardo-vitor.jpg","contentUrl":"https:\/\/audiosingularity.com\/wp-content\/uploads\/2024\/06\/audiosingularity-eduardo-vitor.jpg"},{"@type":"BreadcrumbList","@id":"https:\/\/audiosingularity.com\/the-team\/#breadcrumb","itemListElement":[{"@type":"ListItem","position":1,"name":"Home","item":"https:\/\/audiosingularity.com\/"},{"@type":"ListItem","position":2,"name":"the team"}]},{"@type":"WebSite","@id":"https:\/\/audiosingularity.com\/#website","url":"https:\/\/audiosingularity.com\/","name":"audiosingularity","description":"audio plugins development","publisher":{"@id":"https:\/\/audiosingularity.com\/#organization"},"potentialAction":[{"@type":"SearchAction","target":{"@type":"EntryPoint","urlTemplate":"https:\/\/audiosingularity.com\/?s={search_term_string}"},"query-input":{"@type":"PropertyValueSpecification","valueRequired":true,"valueName":"search_term_string"}}],"inLanguage":"pt-BR"},{"@type":"Organization","@id":"https:\/\/audiosingularity.com\/#organization","name":"audiosingularity","url":"https:\/\/audiosingularity.com\/","logo":{"@type":"ImageObject","inLanguage":"pt-BR","@id":"https:\/\/audiosingularity.com\/#\/schema\/logo\/image\/","url":"https:\/\/audiosingularity.com\/wp-content\/uploads\/2022\/01\/cropped-icon-black.png","contentUrl":"https:\/\/audiosingularity.com\/wp-content\/uploads\/2022\/01\/cropped-icon-black.png","width":512,"height":512,"caption":"audiosingularity"},"image":{"@id":"https:\/\/audiosingularity.com\/#\/schema\/logo\/image\/"},"sameAs":["https:\/\/instagram.com\/audiosingularity"]}]}},"_links":{"self":[{"href":"https:\/\/audiosingularity.com\/br\/wp-json\/wp\/v2\/pages\/16","targetHints":{"allow":["GET"]}}],"collection":[{"href":"https:\/\/audiosingularity.com\/br\/wp-json\/wp\/v2\/pages"}],"about":[{"href":"https:\/\/audiosingularity.com\/br\/wp-json\/wp\/v2\/types\/page"}],"author":[{"embeddable":true,"href":"https:\/\/audiosingularity.com\/br\/wp-json\/wp\/v2\/users\/1"}],"replies":[{"embeddable":true,"href":"https:\/\/audiosingularity.com\/br\/wp-json\/wp\/v2\/comments?post=16"}],"version-history":[{"count":35,"href":"https:\/\/audiosingularity.com\/br\/wp-json\/wp\/v2\/pages\/16\/revisions"}],"predecessor-version":[{"id":2932,"href":"https:\/\/audiosingularity.com\/br\/wp-json\/wp\/v2\/pages\/16\/revisions\/2932"}],"wp:attachment":[{"href":"https:\/\/audiosingularity.com\/br\/wp-json\/wp\/v2\/media?parent=16"}],"curies":[{"name":"wp","href":"https:\/\/api.w.org\/{rel}","templated":true}]}}