{"id":20,"date":"2022-01-29T14:42:09","date_gmt":"2022-01-29T14:42:09","guid":{"rendered":"https:\/\/audiosingularity.com\/?page_id=20"},"modified":"2024-06-21T14:56:38","modified_gmt":"2024-06-21T14:56:38","slug":"refund-policy","status":"publish","type":"page","link":"https:\/\/audiosingularity.com\/br\/refund-policy\/","title":{"rendered":"pol\u00edtica de reembolso"},"content":{"rendered":"<div style=\"height:25px\" aria-hidden=\"true\" class=\"wp-block-spacer\"><\/div>\n\n\n\n<h2 class=\"wp-block-heading open-sans\" id=\"refund-policy\">pol\u00edtica de reembolso<\/h2>\n\n\n\n<p class=\"translation-block\">Como oferecemos a op\u00e7\u00e3o de experimentar o software por meio de uma vers\u00e3o demo (que \u00e9 o mesmo software com funcionalidade limitada), <strong>n\u00e3o<\/strong> oferecemos reembolso em nossos produtos.<\/p>\n\n\n\n<h2 class=\"wp-block-heading open-sans\" id=\"sale-items\">itens em promo\u00e7\u00e3o<\/h2>\n\n\n\n<p class=\"translation-block\">Cupons e pre\u00e7os promocionais <strong>n\u00e3o<\/strong> s\u00e3o retroativos e aplicam-se apenas a produtos espec\u00edficos durante um per\u00edodo determinado.<\/p>\n\n\n\n<h2 class=\"wp-block-heading open-sans\" id=\"bad-download\">download quebrado<\/h2>\n\n\n\n<p class=\"translation-block\">Se voc\u00ea tiver problemas com o download, basta baix\u00e1-lo novamente sem custo adicional. Os links dos produtos que voc\u00ea comprou estar\u00e3o dispon\u00edveis em nossa <a href=\"\/br\/customer-area\/\" target=\"_self\">\u00e1rea de clientes<\/a>.<\/p>\n\n\n\n<h2 class=\"wp-block-heading open-sans\" id=\"issues-running-the-software\">problemas rodando o software<\/h2>\n\n\n\n<p class=\"translation-block\">Se voc\u00ea estiver enfrentando problemas com um produto, como quest\u00f5es de instala\u00e7\u00e3o, execu\u00e7\u00e3o ou qualquer d\u00favida, entre em contato com o suporte via e-mail em <a href=\"mailto:hello@audiosingularity.com\" target=\"_self\">hello@audiosingularity.com<\/a>. Teremos prazer em ajudar voc\u00ea.<\/p>\n\n\n\n<p class=\"translation-block\">Se voc\u00ea adquiriu um produto e n\u00e3o consegue faz\u00ea-lo funcionar em sua configura\u00e7\u00e3o, mesmo ap\u00f3s nossa equipe de suporte ter feito todo o poss\u00edvel, podemos oferecer um reembolso a nosso crit\u00e9rio. N\u00e3o oferecemos reembolsos por problemas de compatibilidade, que podem ser verificados na p\u00e1gina espec\u00edfica do produto. Esta pol\u00edtica \u00e9 aplic\u00e1vel apenas nos primeiros cinco dias ap\u00f3s a compra. Se um reembolso for emitido, pode levar v\u00e1rios dias ou at\u00e9 um m\u00eas, dependendo da sua operadora de cart\u00e3o de cr\u00e9dito.<\/p>\n\n\n\n<p class=\"translation-block\">Entre em contato conosco em <a href=\"mailto:hello@audiosingularity.com\" target=\"_self\">hello@audiosingularity.com<\/a> para mais perguntas.<\/p>","protected":false},"excerpt":{"rendered":"<p>refund policy Since we give you the option to try the software for yourself via demo product (which is the same software with limited functionality), we do not offer a refund over our products. sale items Coupons and sales prices are not retroactive and only apply to specific products over a certain period of time. [&hellip;]<\/p>\n","protected":false},"author":1,"featured_media":0,"parent":0,"menu_order":0,"comment_status":"closed","ping_status":"closed","template":"","meta":{"footnotes":""},"class_list":["post-20","page","type-page","status-publish","hentry"],"yoast_head":"<!-- This site is optimized with the Yoast SEO plugin v27.2 - https:\/\/yoast.com\/product\/yoast-seo-wordpress\/ -->\n<title>refund policy - audiosingularity<\/title>\n<meta name=\"robots\" content=\"index, follow, max-snippet:-1, max-image-preview:large, max-video-preview:-1\" \/>\n<link rel=\"canonical\" href=\"https:\/\/audiosingularity.com\/br\/refund-policy\/\" \/>\n<meta property=\"og:locale\" content=\"pt_BR\" \/>\n<meta property=\"og:type\" content=\"article\" \/>\n<meta property=\"og:title\" content=\"refund policy - audiosingularity\" \/>\n<meta property=\"og:description\" content=\"refund policy Since we give you the option to try the software for yourself via demo product (which is the same software with limited functionality), we do not offer a refund over our products. sale items Coupons and sales prices are not retroactive and only apply to specific products over a certain period of time. [&hellip;]\" \/>\n<meta property=\"og:url\" content=\"https:\/\/audiosingularity.com\/br\/refund-policy\/\" \/>\n<meta property=\"og:site_name\" content=\"audiosingularity\" \/>\n<meta property=\"article:modified_time\" content=\"2024-06-21T14:56:38+00:00\" \/>\n<meta name=\"twitter:card\" content=\"summary_large_image\" \/>\n<meta name=\"twitter:label1\" content=\"Est. reading time\" \/>\n\t<meta name=\"twitter:data1\" content=\"1 minute\" \/>\n<script type=\"application\/ld+json\" class=\"yoast-schema-graph\">{\"@context\":\"https:\/\/schema.org\",\"@graph\":[{\"@type\":\"WebPage\",\"@id\":\"https:\/\/audiosingularity.com\/refund-policy\/\",\"url\":\"https:\/\/audiosingularity.com\/refund-policy\/\",\"name\":\"refund policy - audiosingularity\",\"isPartOf\":{\"@id\":\"https:\/\/audiosingularity.com\/#website\"},\"datePublished\":\"2022-01-29T14:42:09+00:00\",\"dateModified\":\"2024-06-21T14:56:38+00:00\",\"breadcrumb\":{\"@id\":\"https:\/\/audiosingularity.com\/refund-policy\/#breadcrumb\"},\"inLanguage\":\"pt-BR\",\"potentialAction\":[{\"@type\":\"ReadAction\",\"target\":[\"https:\/\/audiosingularity.com\/refund-policy\/\"]}]},{\"@type\":\"BreadcrumbList\",\"@id\":\"https:\/\/audiosingularity.com\/refund-policy\/#breadcrumb\",\"itemListElement\":[{\"@type\":\"ListItem\",\"position\":1,\"name\":\"Home\",\"item\":\"https:\/\/audiosingularity.com\/\"},{\"@type\":\"ListItem\",\"position\":2,\"name\":\"refund policy\"}]},{\"@type\":\"WebSite\",\"@id\":\"https:\/\/audiosingularity.com\/#website\",\"url\":\"https:\/\/audiosingularity.com\/\",\"name\":\"audiosingularity\",\"description\":\"audio plugins development\",\"publisher\":{\"@id\":\"https:\/\/audiosingularity.com\/#organization\"},\"potentialAction\":[{\"@type\":\"SearchAction\",\"target\":{\"@type\":\"EntryPoint\",\"urlTemplate\":\"https:\/\/audiosingularity.com\/?s={search_term_string}\"},\"query-input\":{\"@type\":\"PropertyValueSpecification\",\"valueRequired\":true,\"valueName\":\"search_term_string\"}}],\"inLanguage\":\"pt-BR\"},{\"@type\":\"Organization\",\"@id\":\"https:\/\/audiosingularity.com\/#organization\",\"name\":\"audiosingularity\",\"url\":\"https:\/\/audiosingularity.com\/\",\"logo\":{\"@type\":\"ImageObject\",\"inLanguage\":\"pt-BR\",\"@id\":\"https:\/\/audiosingularity.com\/#\/schema\/logo\/image\/\",\"url\":\"https:\/\/audiosingularity.com\/wp-content\/uploads\/2022\/01\/cropped-icon-black.png\",\"contentUrl\":\"https:\/\/audiosingularity.com\/wp-content\/uploads\/2022\/01\/cropped-icon-black.png\",\"width\":512,\"height\":512,\"caption\":\"audiosingularity\"},\"image\":{\"@id\":\"https:\/\/audiosingularity.com\/#\/schema\/logo\/image\/\"},\"sameAs\":[\"https:\/\/instagram.com\/audiosingularity\"]}]}<\/script>\n<!-- \/ Yoast SEO plugin. -->","yoast_head_json":{"title":"refund policy - audiosingularity","robots":{"index":"index","follow":"follow","max-snippet":"max-snippet:-1","max-image-preview":"max-image-preview:large","max-video-preview":"max-video-preview:-1"},"canonical":"https:\/\/audiosingularity.com\/br\/refund-policy\/","og_locale":"pt_BR","og_type":"article","og_title":"refund policy - audiosingularity","og_description":"refund policy Since we give you the option to try the software for yourself via demo product (which is the same software with limited functionality), we do not offer a refund over our products. sale items Coupons and sales prices are not retroactive and only apply to specific products over a certain period of time. [&hellip;]","og_url":"https:\/\/audiosingularity.com\/br\/refund-policy\/","og_site_name":"audiosingularity","article_modified_time":"2024-06-21T14:56:38+00:00","twitter_card":"summary_large_image","twitter_misc":{"Est. reading time":"1 minute"},"schema":{"@context":"https:\/\/schema.org","@graph":[{"@type":"WebPage","@id":"https:\/\/audiosingularity.com\/refund-policy\/","url":"https:\/\/audiosingularity.com\/refund-policy\/","name":"refund policy - audiosingularity","isPartOf":{"@id":"https:\/\/audiosingularity.com\/#website"},"datePublished":"2022-01-29T14:42:09+00:00","dateModified":"2024-06-21T14:56:38+00:00","breadcrumb":{"@id":"https:\/\/audiosingularity.com\/refund-policy\/#breadcrumb"},"inLanguage":"pt-BR","potentialAction":[{"@type":"ReadAction","target":["https:\/\/audiosingularity.com\/refund-policy\/"]}]},{"@type":"BreadcrumbList","@id":"https:\/\/audiosingularity.com\/refund-policy\/#breadcrumb","itemListElement":[{"@type":"ListItem","position":1,"name":"Home","item":"https:\/\/audiosingularity.com\/"},{"@type":"ListItem","position":2,"name":"refund policy"}]},{"@type":"WebSite","@id":"https:\/\/audiosingularity.com\/#website","url":"https:\/\/audiosingularity.com\/","name":"audiosingularity","description":"audio plugins development","publisher":{"@id":"https:\/\/audiosingularity.com\/#organization"},"potentialAction":[{"@type":"SearchAction","target":{"@type":"EntryPoint","urlTemplate":"https:\/\/audiosingularity.com\/?s={search_term_string}"},"query-input":{"@type":"PropertyValueSpecification","valueRequired":true,"valueName":"search_term_string"}}],"inLanguage":"pt-BR"},{"@type":"Organization","@id":"https:\/\/audiosingularity.com\/#organization","name":"audiosingularity","url":"https:\/\/audiosingularity.com\/","logo":{"@type":"ImageObject","inLanguage":"pt-BR","@id":"https:\/\/audiosingularity.com\/#\/schema\/logo\/image\/","url":"https:\/\/audiosingularity.com\/wp-content\/uploads\/2022\/01\/cropped-icon-black.png","contentUrl":"https:\/\/audiosingularity.com\/wp-content\/uploads\/2022\/01\/cropped-icon-black.png","width":512,"height":512,"caption":"audiosingularity"},"image":{"@id":"https:\/\/audiosingularity.com\/#\/schema\/logo\/image\/"},"sameAs":["https:\/\/instagram.com\/audiosingularity"]}]}},"_links":{"self":[{"href":"https:\/\/audiosingularity.com\/br\/wp-json\/wp\/v2\/pages\/20","targetHints":{"allow":["GET"]}}],"collection":[{"href":"https:\/\/audiosingularity.com\/br\/wp-json\/wp\/v2\/pages"}],"about":[{"href":"https:\/\/audiosingularity.com\/br\/wp-json\/wp\/v2\/types\/page"}],"author":[{"embeddable":true,"href":"https:\/\/audiosingularity.com\/br\/wp-json\/wp\/v2\/users\/1"}],"replies":[{"embeddable":true,"href":"https:\/\/audiosingularity.com\/br\/wp-json\/wp\/v2\/comments?post=20"}],"version-history":[{"count":24,"href":"https:\/\/audiosingularity.com\/br\/wp-json\/wp\/v2\/pages\/20\/revisions"}],"predecessor-version":[{"id":1217,"href":"https:\/\/audiosingularity.com\/br\/wp-json\/wp\/v2\/pages\/20\/revisions\/1217"}],"wp:attachment":[{"href":"https:\/\/audiosingularity.com\/br\/wp-json\/wp\/v2\/media?parent=20"}],"curies":[{"name":"wp","href":"https:\/\/api.w.org\/{rel}","templated":true}]}}