{"id":22,"date":"2022-01-29T14:42:22","date_gmt":"2022-01-29T14:42:22","guid":{"rendered":"https:\/\/audiosingularity.com\/?page_id=22"},"modified":"2022-11-11T18:06:50","modified_gmt":"2022-11-11T18:06:50","slug":"contact","status":"publish","type":"page","link":"https:\/\/audiosingularity.com\/br\/contact\/","title":{"rendered":"contato"},"content":{"rendered":"<div style=\"height:50px\" aria-hidden=\"true\" class=\"wp-block-spacer\"><\/div>\n\n\n\n<h2 class=\"open-sans wp-block-heading\" id=\"contact\">contato<\/h2>\n\n\n\n<p>Estamos felizes em ouvir de voc\u00ea. Se voc\u00ea estiver tendo problemas t\u00e9cnicos, verifique a p\u00e1gina de <a href=\"https:\/\/audiosingularity.com\/br\/support\/\" data-type=\"page\" data-id=\"512\">suporte<\/a> , a maioria das quest\u00f5es j\u00e1 foi respondida. <\/p>\n\n\n\n<div class=\"wp-block-buttons is-layout-flex wp-block-buttons-is-layout-flex\">\n<div class=\"wp-block-button\"><a class=\"wp-block-button__link\" href=\"https:\/\/audiosingularity.com\/br\/support\/\">p\u00e1gina de suporte<\/a><\/div>\n<\/div>\n\n\n\n<div style=\"height:25px\" aria-hidden=\"true\" class=\"wp-block-spacer\"><\/div>\n\n\n\n<p>Agora, se voc\u00ea sente que sua quest\u00e3o n\u00e3o foi respondida, nos envie uma mensagem atrav\u00e9s do formul\u00e1rio abaixo. <\/p>\n\n\n\n<div class=\"wp-block-columns is-layout-flex wp-container-core-columns-is-layout-9d6595d7 wp-block-columns-is-layout-flex\">\n<div class=\"wp-block-column is-layout-flow wp-block-column-is-layout-flow\">\n<div class=\"wpcf7 no-js\" id=\"wpcf7-f396-o1\" lang=\"en-US\" dir=\"ltr\" data-wpcf7-id=\"396\">\n<div class=\"screen-reader-response\"><p role=\"status\" aria-live=\"polite\" aria-atomic=\"true\"><\/p> <ul><\/ul><\/div>\n<form action=\"\/br\/wp-json\/wp\/v2\/pages\/22#wpcf7-f396-o1\" method=\"post\" class=\"wpcf7-form init\" aria-label=\"Contact form\" novalidate=\"novalidate\" data-status=\"init\" data-trp-original-action=\"\/br\/wp-json\/wp\/v2\/pages\/22#wpcf7-f396-o1\">\n<fieldset class=\"hidden-fields-container\"><input type=\"hidden\" name=\"_wpcf7\" value=\"396\" \/><input type=\"hidden\" name=\"_wpcf7_version\" value=\"6.1.5\" \/><input type=\"hidden\" name=\"_wpcf7_locale\" value=\"en_US\" \/><input type=\"hidden\" name=\"_wpcf7_unit_tag\" value=\"wpcf7-f396-o1\" \/><input type=\"hidden\" name=\"_wpcf7_container_post\" value=\"0\" \/><input type=\"hidden\" name=\"_wpcf7_posted_data_hash\" value=\"\" \/><input type=\"hidden\" name=\"_wpcf7_recaptcha_response\" value=\"\" \/>\n<\/fieldset>\n<p><label> Nome<br \/>\n<span class=\"wpcf7-form-control-wrap\" data-name=\"your-name\"><input size=\"40\" maxlength=\"400\" class=\"wpcf7-form-control wpcf7-text wpcf7-validates-as-required\" aria-required=\"true\" aria-invalid=\"false\" value=\"\" type=\"text\" name=\"your-name\" \/><\/span> <\/label>\n<\/p>\n<p><label> E-mail<br \/>\n<span class=\"wpcf7-form-control-wrap\" data-name=\"your-email\"><input size=\"40\" maxlength=\"400\" class=\"wpcf7-form-control wpcf7-email wpcf7-validates-as-required wpcf7-text wpcf7-validates-as-email\" aria-required=\"true\" aria-invalid=\"false\" value=\"\" type=\"email\" name=\"your-email\" \/><\/span> <\/label>\n<\/p>\n<p><label> Assunto<br \/>\n<span class=\"wpcf7-form-control-wrap\" data-name=\"your-subject\"><input size=\"40\" maxlength=\"400\" class=\"wpcf7-form-control wpcf7-text wpcf7-validates-as-required\" aria-required=\"true\" aria-invalid=\"false\" value=\"\" type=\"text\" name=\"your-subject\" \/><\/span> <\/label>\n<\/p>\n<p><label> Mensagem<br \/>\n<span class=\"wpcf7-form-control-wrap\" data-name=\"your-message\"><textarea cols=\"40\" rows=\"10\" maxlength=\"2000\" class=\"wpcf7-form-control wpcf7-textarea wpcf7-validates-as-required\" aria-required=\"true\" aria-invalid=\"false\" name=\"your-message\"><\/textarea><\/span> <\/label>\n<\/p>\n<p><input class=\"wpcf7-form-control wpcf7-submit has-spinner\" type=\"submit\" value=\"Enviar\" \/>\n<\/p><div class=\"wpcf7-response-output\" aria-hidden=\"true\"><\/div>\n<input type=\"hidden\" name=\"trp-form-language\" value=\"br\"\/><\/form>\n<\/div>\n\n<\/div>\n\n\n\n<div class=\"wp-block-column is-layout-flow wp-block-column-is-layout-flow\"><\/div>\n<\/div>","protected":false},"excerpt":{"rendered":"<p>contact We are happy to hear from you. If you are having technical issues, be sure to check the support page, most questions are already answered. Now, if you don&#8217;t feel that your question was answered, just get in touch with us via the form below.<\/p>","protected":false},"author":1,"featured_media":0,"parent":0,"menu_order":0,"comment_status":"closed","ping_status":"closed","template":"","meta":{"footnotes":""},"class_list":["post-22","page","type-page","status-publish","hentry"],"yoast_head":"<!-- This site is optimized with the Yoast SEO plugin v27.2 - https:\/\/yoast.com\/product\/yoast-seo-wordpress\/ -->\n<title>contact - audiosingularity<\/title>\n<meta name=\"robots\" content=\"index, follow, max-snippet:-1, max-image-preview:large, max-video-preview:-1\" \/>\n<link rel=\"canonical\" href=\"https:\/\/audiosingularity.com\/br\/contact\/\" \/>\n<meta property=\"og:locale\" content=\"pt_BR\" \/>\n<meta property=\"og:type\" content=\"article\" \/>\n<meta property=\"og:title\" content=\"contact - audiosingularity\" \/>\n<meta property=\"og:description\" content=\"contact We are happy to hear from you. If you are having technical issues, be sure to check the support page, most questions are already answered. Now, if you don&#8217;t feel that your question was answered, just get in touch with us via the form below.\" \/>\n<meta property=\"og:url\" content=\"https:\/\/audiosingularity.com\/br\/contact\/\" \/>\n<meta property=\"og:site_name\" content=\"audiosingularity\" \/>\n<meta property=\"article:modified_time\" content=\"2022-11-11T18:06:50+00:00\" \/>\n<meta name=\"twitter:card\" content=\"summary_large_image\" \/>\n<script type=\"application\/ld+json\" class=\"yoast-schema-graph\">{\"@context\":\"https:\/\/schema.org\",\"@graph\":[{\"@type\":\"WebPage\",\"@id\":\"https:\/\/audiosingularity.com\/contact\/\",\"url\":\"https:\/\/audiosingularity.com\/contact\/\",\"name\":\"contact - audiosingularity\",\"isPartOf\":{\"@id\":\"https:\/\/audiosingularity.com\/#website\"},\"datePublished\":\"2022-01-29T14:42:22+00:00\",\"dateModified\":\"2022-11-11T18:06:50+00:00\",\"breadcrumb\":{\"@id\":\"https:\/\/audiosingularity.com\/contact\/#breadcrumb\"},\"inLanguage\":\"pt-BR\",\"potentialAction\":[{\"@type\":\"ReadAction\",\"target\":[\"https:\/\/audiosingularity.com\/contact\/\"]}]},{\"@type\":\"BreadcrumbList\",\"@id\":\"https:\/\/audiosingularity.com\/contact\/#breadcrumb\",\"itemListElement\":[{\"@type\":\"ListItem\",\"position\":1,\"name\":\"Home\",\"item\":\"https:\/\/audiosingularity.com\/\"},{\"@type\":\"ListItem\",\"position\":2,\"name\":\"contact\"}]},{\"@type\":\"WebSite\",\"@id\":\"https:\/\/audiosingularity.com\/#website\",\"url\":\"https:\/\/audiosingularity.com\/\",\"name\":\"audiosingularity\",\"description\":\"audio plugins development\",\"publisher\":{\"@id\":\"https:\/\/audiosingularity.com\/#organization\"},\"potentialAction\":[{\"@type\":\"SearchAction\",\"target\":{\"@type\":\"EntryPoint\",\"urlTemplate\":\"https:\/\/audiosingularity.com\/?s={search_term_string}\"},\"query-input\":{\"@type\":\"PropertyValueSpecification\",\"valueRequired\":true,\"valueName\":\"search_term_string\"}}],\"inLanguage\":\"pt-BR\"},{\"@type\":\"Organization\",\"@id\":\"https:\/\/audiosingularity.com\/#organization\",\"name\":\"audiosingularity\",\"url\":\"https:\/\/audiosingularity.com\/\",\"logo\":{\"@type\":\"ImageObject\",\"inLanguage\":\"pt-BR\",\"@id\":\"https:\/\/audiosingularity.com\/#\/schema\/logo\/image\/\",\"url\":\"https:\/\/audiosingularity.com\/wp-content\/uploads\/2022\/01\/cropped-icon-black.png\",\"contentUrl\":\"https:\/\/audiosingularity.com\/wp-content\/uploads\/2022\/01\/cropped-icon-black.png\",\"width\":512,\"height\":512,\"caption\":\"audiosingularity\"},\"image\":{\"@id\":\"https:\/\/audiosingularity.com\/#\/schema\/logo\/image\/\"},\"sameAs\":[\"https:\/\/instagram.com\/audiosingularity\"]}]}<\/script>\n<!-- \/ Yoast SEO plugin. -->","yoast_head_json":{"title":"contact - audiosingularity","robots":{"index":"index","follow":"follow","max-snippet":"max-snippet:-1","max-image-preview":"max-image-preview:large","max-video-preview":"max-video-preview:-1"},"canonical":"https:\/\/audiosingularity.com\/br\/contact\/","og_locale":"pt_BR","og_type":"article","og_title":"contact - audiosingularity","og_description":"contact We are happy to hear from you. If you are having technical issues, be sure to check the support page, most questions are already answered. Now, if you don&#8217;t feel that your question was answered, just get in touch with us via the form below.","og_url":"https:\/\/audiosingularity.com\/br\/contact\/","og_site_name":"audiosingularity","article_modified_time":"2022-11-11T18:06:50+00:00","twitter_card":"summary_large_image","schema":{"@context":"https:\/\/schema.org","@graph":[{"@type":"WebPage","@id":"https:\/\/audiosingularity.com\/contact\/","url":"https:\/\/audiosingularity.com\/contact\/","name":"contact - audiosingularity","isPartOf":{"@id":"https:\/\/audiosingularity.com\/#website"},"datePublished":"2022-01-29T14:42:22+00:00","dateModified":"2022-11-11T18:06:50+00:00","breadcrumb":{"@id":"https:\/\/audiosingularity.com\/contact\/#breadcrumb"},"inLanguage":"pt-BR","potentialAction":[{"@type":"ReadAction","target":["https:\/\/audiosingularity.com\/contact\/"]}]},{"@type":"BreadcrumbList","@id":"https:\/\/audiosingularity.com\/contact\/#breadcrumb","itemListElement":[{"@type":"ListItem","position":1,"name":"Home","item":"https:\/\/audiosingularity.com\/"},{"@type":"ListItem","position":2,"name":"contact"}]},{"@type":"WebSite","@id":"https:\/\/audiosingularity.com\/#website","url":"https:\/\/audiosingularity.com\/","name":"audiosingularity","description":"audio plugins development","publisher":{"@id":"https:\/\/audiosingularity.com\/#organization"},"potentialAction":[{"@type":"SearchAction","target":{"@type":"EntryPoint","urlTemplate":"https:\/\/audiosingularity.com\/?s={search_term_string}"},"query-input":{"@type":"PropertyValueSpecification","valueRequired":true,"valueName":"search_term_string"}}],"inLanguage":"pt-BR"},{"@type":"Organization","@id":"https:\/\/audiosingularity.com\/#organization","name":"audiosingularity","url":"https:\/\/audiosingularity.com\/","logo":{"@type":"ImageObject","inLanguage":"pt-BR","@id":"https:\/\/audiosingularity.com\/#\/schema\/logo\/image\/","url":"https:\/\/audiosingularity.com\/wp-content\/uploads\/2022\/01\/cropped-icon-black.png","contentUrl":"https:\/\/audiosingularity.com\/wp-content\/uploads\/2022\/01\/cropped-icon-black.png","width":512,"height":512,"caption":"audiosingularity"},"image":{"@id":"https:\/\/audiosingularity.com\/#\/schema\/logo\/image\/"},"sameAs":["https:\/\/instagram.com\/audiosingularity"]}]}},"_links":{"self":[{"href":"https:\/\/audiosingularity.com\/br\/wp-json\/wp\/v2\/pages\/22","targetHints":{"allow":["GET"]}}],"collection":[{"href":"https:\/\/audiosingularity.com\/br\/wp-json\/wp\/v2\/pages"}],"about":[{"href":"https:\/\/audiosingularity.com\/br\/wp-json\/wp\/v2\/types\/page"}],"author":[{"embeddable":true,"href":"https:\/\/audiosingularity.com\/br\/wp-json\/wp\/v2\/users\/1"}],"replies":[{"embeddable":true,"href":"https:\/\/audiosingularity.com\/br\/wp-json\/wp\/v2\/comments?post=22"}],"version-history":[{"count":10,"href":"https:\/\/audiosingularity.com\/br\/wp-json\/wp\/v2\/pages\/22\/revisions"}],"predecessor-version":[{"id":597,"href":"https:\/\/audiosingularity.com\/br\/wp-json\/wp\/v2\/pages\/22\/revisions\/597"}],"wp:attachment":[{"href":"https:\/\/audiosingularity.com\/br\/wp-json\/wp\/v2\/media?parent=22"}],"curies":[{"name":"wp","href":"https:\/\/api.w.org\/{rel}","templated":true}]}}