{"id":3,"date":"2022-01-29T14:32:06","date_gmt":"2022-01-29T14:32:06","guid":{"rendered":"https:\/\/audiosingularity.com\/?page_id=3"},"modified":"2022-02-04T01:34:35","modified_gmt":"2022-02-04T01:34:35","slug":"privacy-policy","status":"publish","type":"page","link":"https:\/\/audiosingularity.com\/br\/privacy-policy\/","title":{"rendered":"pol\u00edtica de privacidade"},"content":{"rendered":"<div style=\"height:51px\" aria-hidden=\"true\" class=\"wp-block-spacer\"><\/div>\n\n\n\n<h2 class=\"open-sans wp-block-heading\" id=\"privacy-policy\">pol\u00edtica de privacidade<\/h2>\n\n\n\n<p>Na audiosingularity, acess\u00edvel em audiosingularity.com, uma de nossas principais prioridades \u00e9 a privacidade de nossos visitantes. Este documento de Pol\u00edtica de Privacidade cont\u00e9m os tipos de informa\u00e7\u00f5es coletadas e registradas pela audiosingularity e como as utilizamos.<\/p>\n\n\n\n<p>Se voc\u00ea tiver perguntas adicionais ou precisar de mais informa\u00e7\u00f5es sobre nossa Pol\u00edtica de Privacidade, n\u00e3o hesite em entrar em contato conosco.<\/p>\n\n\n\n<p>Esta Pol\u00edtica de Privacidade se aplica apenas \u00e0s nossas atividades online e \u00e9 v\u00e1lida para os visitantes do nosso site em rela\u00e7\u00e3o \u00e0s informa\u00e7\u00f5es que eles compartilham e\/ou coletam na audiosingularity. Esta pol\u00edtica n\u00e3o se aplica a nenhuma informa\u00e7\u00e3o coletada offline ou por meio de canais diferentes deste site.<\/p>\n\n\n\n<h2 class=\"open-sans wp-block-heading\" id=\"consent\">consentimento<\/h2>\n\n\n\n<p>Ao usar nosso site, voc\u00ea consente com nossa Pol\u00edtica de Privacidade e concorda com seus termos.<\/p>\n\n\n\n<h2 class=\"open-sans wp-block-heading\" id=\"information-we-collect\">informa\u00e7\u00f5es que coletamos<\/h2>\n\n\n\n<p>As informa\u00e7\u00f5es pessoais que s\u00e3o solicitadas e as raz\u00f5es pelas quais s\u00e3o solicitadas ser\u00e3o esclarecidas no momento em que pedimos que voc\u00ea forne\u00e7a suas informa\u00e7\u00f5es pessoais.<\/p>\n\n\n\n<p>Se voc\u00ea entrar em contato conosco diretamente, poderemos receber informa\u00e7\u00f5es adicionais sobre voc\u00ea, como seu nome, endere\u00e7o de e-mail, n\u00famero de telefone, o conte\u00fado da mensagem e\/ou anexos que voc\u00ea nos enviar e qualquer outra informa\u00e7\u00e3o que voc\u00ea escolher fornecer.<\/p>\n\n\n\n<p>Ao se registrar para uma conta, podemos solicitar suas informa\u00e7\u00f5es de contato, incluindo itens como nome, nome da empresa, endere\u00e7o, endere\u00e7o de e-mail e n\u00famero de telefone.<\/p>\n\n\n\n<h2 class=\"open-sans wp-block-heading\" id=\"how-we-use-your-information\">como utilizamos suas informa\u00e7\u00f5es<\/h2>\n\n\n\n<p>Utilizamos as informa\u00e7\u00f5es que coletamos de diversas maneiras, incluindo para:<\/p>\n\n\n\n<ul class=\"wp-block-list\"><li>Fornecer, operar e manter nosso site.<\/li><li>Melhorar, personalizar e expandir nosso site.<\/li><li>Compreender e analisar como voc\u00ea utiliza nosso site.<\/li><li>Desenvolver novos produtos, servi\u00e7os, recursos e funcionalidades.<\/li><li>Comunicar-se com voc\u00ea, diretamente ou por meio de um de nossos parceiros, incluindo atendimento ao cliente, fornecer atualiza\u00e7\u00f5es e outras informa\u00e7\u00f5es relacionadas ao site, e para fins de marketing e promo\u00e7\u00e3o.<\/li><li>Te enviar emails<\/li><li>Buscar e prevenir fraude<\/li><\/ul>\n\n\n\n<h2 class=\"open-sans wp-block-heading\" id=\"log-files\">arquivos de log<\/h2>\n\n\n\n<p>audiosingularity segue um procedimento padr\u00e3o de uso de arquivos de registro. Esses arquivos registram os visitantes quando eles acessam sites. Todas as empresas de hospedagem fazem isso como parte dos servi\u00e7os de hospedagem e an\u00e1lise. As informa\u00e7\u00f5es coletadas pelos arquivos de registro incluem endere\u00e7os de protocolo de Internet (IP), tipo de navegador, provedor de servi\u00e7os de Internet (ISP), data e hor\u00e1rio do acesso, p\u00e1ginas de refer\u00eancia\/sa\u00edda e possivelmente o n\u00famero de cliques. Essas informa\u00e7\u00f5es n\u00e3o est\u00e3o vinculadas a nenhuma informa\u00e7\u00e3o pessoalmente identific\u00e1vel. O objetivo das informa\u00e7\u00f5es \u00e9 analisar tend\u00eancias, administrar o site, rastrear o movimento dos usu\u00e1rios no site e coletar informa\u00e7\u00f5es demogr\u00e1ficas.<\/p>\n\n\n\n<h2 class=\"open-sans wp-block-heading\" id=\"cookies-and-web-beacons\">cookies e web beacons<\/h2>\n\n\n\n<p>Como qualquer outro site, a audiosingularity utiliza 'cookies'. Esses cookies s\u00e3o usados para armazenar informa\u00e7\u00f5es, incluindo as prefer\u00eancias dos visitantes e as p\u00e1ginas do site que o visitante acessou ou visitou. As informa\u00e7\u00f5es s\u00e3o usadas para otimizar a experi\u00eancia dos usu\u00e1rios, personalizando o conte\u00fado de nossas p\u00e1ginas da web com base no tipo de navegador dos visitantes e\/ou outras informa\u00e7\u00f5es relevantes.<\/p>\n\n\n\n<h2 class=\"open-sans wp-block-heading\" id=\"advertising-partners-privacy-policies\">pol\u00edticas de privacidade de parceiros de publicidade<\/h2>\n\n\n\n<p>Voc\u00ea pode consultar esta lista para encontrar a Pol\u00edtica de Privacidade de cada um dos parceiros de publicidade da audiosingularity.<\/p>\n\n\n\n<p>Servidores de an\u00fancios de terceiros ou redes de an\u00fancios utilizam tecnologias como cookies, JavaScript ou web beacons que s\u00e3o usados em seus respectivos an\u00fancios e links que aparecem na audiosingularity, e que s\u00e3o enviados diretamente para o navegador dos usu\u00e1rios. Essas tecnologias automaticamente recebem o endere\u00e7o IP do usu\u00e1rio quando isso ocorre. Essas tecnologias s\u00e3o utilizadas para medir a efic\u00e1cia de suas campanhas de publicidade e\/ou personalizar o conte\u00fado publicit\u00e1rio que voc\u00ea v\u00ea nos sites que visita.<\/p>\n\n\n\n<p>Observe que a audiosingularity n\u00e3o tem acesso ou controle sobre esses cookies que s\u00e3o utilizados por anunciantes de terceiros.<\/p>\n\n\n\n<h2 class=\"open-sans wp-block-heading\" id=\"third-party-privacy-policies\">pol\u00edticas de privacidade de terceiros<\/h2>\n\n\n\n<p>A Pol\u00edtica de Privacidade da audiosingularity n\u00e3o se aplica a outros anunciantes ou sites. Portanto, recomendamos que voc\u00ea consulte as respectivas pol\u00edticas de privacidade desses servidores de an\u00fancios de terceiros para obter informa\u00e7\u00f5es mais detalhadas. Essas informa\u00e7\u00f5es podem incluir suas pr\u00e1ticas e instru\u00e7\u00f5es sobre como optar por n\u00e3o participar de determinadas op\u00e7\u00f5es.<\/p>\n\n\n\n<p>Voc\u00ea pode optar por desativar os cookies por meio das op\u00e7\u00f5es individuais do seu navegador. Para obter informa\u00e7\u00f5es mais detalhadas sobre o gerenciamento de cookies em navegadores espec\u00edficos, voc\u00ea pode consultar os respectivos sites dos navegadores.<\/p>\n\n\n\n<h2 class=\"open-sans wp-block-heading\" id=\"gdpr-data-protection-rights\">direitos de prote\u00e7\u00e3o de dados GDPR<\/h2>\n\n\n\n<p>Gostar\u00edamos de garantir que voc\u00ea esteja totalmente ciente de todos os seus direitos de prote\u00e7\u00e3o de dados. Todo usu\u00e1rio tem direito ao seguinte:<\/p>\n\n\n\n<p>O direito de acesso - Voc\u00ea tem o direito de solicitar c\u00f3pias dos seus dados pessoais. Podemos cobrar uma pequena taxa por este servi\u00e7o.<\/p>\n\n\n\n<p>O direito de retifica\u00e7\u00e3o - Voc\u00ea tem o direito de solicitar que corrijamos qualquer informa\u00e7\u00e3o que voc\u00ea acredita estar incorreta. Voc\u00ea tamb\u00e9m tem o direito de solicitar que completemos as informa\u00e7\u00f5es que voc\u00ea acredita estarem incompletas.<\/p>\n\n\n\n<p>O direito ao apagamento - Voc\u00ea tem o direito de solicitar que apaguemos seus dados pessoais, sob certas condi\u00e7\u00f5es.<\/p>\n\n\n\n<p>O direito \u00e0 restri\u00e7\u00e3o do processamento - Voc\u00ea tem o direito de solicitar que restrinjamos o processamento dos seus dados pessoais, sob certas condi\u00e7\u00f5es.<\/p>\n\n\n\n<p>O direito de oposi\u00e7\u00e3o ao processamento - Voc\u00ea tem o direito de se opor ao nosso processamento dos seus dados pessoais, sob certas condi\u00e7\u00f5es.<\/p>\n\n\n\n<p>O direito \u00e0 portabilidade dos dados - Voc\u00ea tem o direito de solicitar que transfiramos os dados que coletamos para outra organiza\u00e7\u00e3o, ou diretamente para voc\u00ea, sob certas condi\u00e7\u00f5es.<\/p>\n\n\n\n<p>Se voc\u00ea fizer uma solicita\u00e7\u00e3o, temos um m\u00eas para responder a voc\u00ea. Se voc\u00ea deseja exercer qualquer um desses direitos, entre em contato conosco.<\/p>","protected":false},"excerpt":{"rendered":"<p>privacy policy At audiosingularity, accessible from audiosingularity.com, one of our main priorities is the privacy of our visitors. This Privacy Policy document contains types of information that is collected and recorded by audiosingularity and how we use it. If you have additional questions or require more information about our Privacy Policy, do not hesitate to [&hellip;]<\/p>\n","protected":false},"author":1,"featured_media":0,"parent":0,"menu_order":0,"comment_status":"closed","ping_status":"open","template":"","meta":{"footnotes":""},"class_list":["post-3","page","type-page","status-publish","hentry"],"yoast_head":"<!-- This site is optimized with the Yoast SEO plugin v27.2 - https:\/\/yoast.com\/product\/yoast-seo-wordpress\/ -->\n<title>privacy policy - audiosingularity<\/title>\n<meta name=\"robots\" content=\"index, follow, max-snippet:-1, max-image-preview:large, max-video-preview:-1\" \/>\n<link rel=\"canonical\" href=\"https:\/\/audiosingularity.com\/br\/privacy-policy\/\" \/>\n<meta property=\"og:locale\" content=\"pt_BR\" \/>\n<meta property=\"og:type\" content=\"article\" \/>\n<meta property=\"og:title\" content=\"privacy policy - audiosingularity\" \/>\n<meta property=\"og:description\" content=\"privacy policy At audiosingularity, accessible from audiosingularity.com, one of our main priorities is the privacy of our visitors. This Privacy Policy document contains types of information that is collected and recorded by audiosingularity and how we use it. If you have additional questions or require more information about our Privacy Policy, do not hesitate to [&hellip;]\" \/>\n<meta property=\"og:url\" content=\"https:\/\/audiosingularity.com\/br\/privacy-policy\/\" \/>\n<meta property=\"og:site_name\" content=\"audiosingularity\" \/>\n<meta property=\"article:modified_time\" content=\"2022-02-04T01:34:35+00:00\" \/>\n<meta name=\"twitter:card\" content=\"summary_large_image\" \/>\n<meta name=\"twitter:label1\" content=\"Est. reading time\" \/>\n\t<meta name=\"twitter:data1\" content=\"4 minutes\" \/>\n<script type=\"application\/ld+json\" class=\"yoast-schema-graph\">{\"@context\":\"https:\/\/schema.org\",\"@graph\":[{\"@type\":\"WebPage\",\"@id\":\"https:\/\/audiosingularity.com\/privacy-policy\/\",\"url\":\"https:\/\/audiosingularity.com\/privacy-policy\/\",\"name\":\"privacy policy - audiosingularity\",\"isPartOf\":{\"@id\":\"https:\/\/audiosingularity.com\/#website\"},\"datePublished\":\"2022-01-29T14:32:06+00:00\",\"dateModified\":\"2022-02-04T01:34:35+00:00\",\"breadcrumb\":{\"@id\":\"https:\/\/audiosingularity.com\/privacy-policy\/#breadcrumb\"},\"inLanguage\":\"pt-BR\",\"potentialAction\":[{\"@type\":\"ReadAction\",\"target\":[\"https:\/\/audiosingularity.com\/privacy-policy\/\"]}]},{\"@type\":\"BreadcrumbList\",\"@id\":\"https:\/\/audiosingularity.com\/privacy-policy\/#breadcrumb\",\"itemListElement\":[{\"@type\":\"ListItem\",\"position\":1,\"name\":\"Home\",\"item\":\"https:\/\/audiosingularity.com\/\"},{\"@type\":\"ListItem\",\"position\":2,\"name\":\"privacy policy\"}]},{\"@type\":\"WebSite\",\"@id\":\"https:\/\/audiosingularity.com\/#website\",\"url\":\"https:\/\/audiosingularity.com\/\",\"name\":\"audiosingularity\",\"description\":\"audio plugins development\",\"publisher\":{\"@id\":\"https:\/\/audiosingularity.com\/#organization\"},\"potentialAction\":[{\"@type\":\"SearchAction\",\"target\":{\"@type\":\"EntryPoint\",\"urlTemplate\":\"https:\/\/audiosingularity.com\/?s={search_term_string}\"},\"query-input\":{\"@type\":\"PropertyValueSpecification\",\"valueRequired\":true,\"valueName\":\"search_term_string\"}}],\"inLanguage\":\"pt-BR\"},{\"@type\":\"Organization\",\"@id\":\"https:\/\/audiosingularity.com\/#organization\",\"name\":\"audiosingularity\",\"url\":\"https:\/\/audiosingularity.com\/\",\"logo\":{\"@type\":\"ImageObject\",\"inLanguage\":\"pt-BR\",\"@id\":\"https:\/\/audiosingularity.com\/#\/schema\/logo\/image\/\",\"url\":\"https:\/\/audiosingularity.com\/wp-content\/uploads\/2022\/01\/cropped-icon-black.png\",\"contentUrl\":\"https:\/\/audiosingularity.com\/wp-content\/uploads\/2022\/01\/cropped-icon-black.png\",\"width\":512,\"height\":512,\"caption\":\"audiosingularity\"},\"image\":{\"@id\":\"https:\/\/audiosingularity.com\/#\/schema\/logo\/image\/\"},\"sameAs\":[\"https:\/\/instagram.com\/audiosingularity\"]}]}<\/script>\n<!-- \/ Yoast SEO plugin. -->","yoast_head_json":{"title":"privacy policy - audiosingularity","robots":{"index":"index","follow":"follow","max-snippet":"max-snippet:-1","max-image-preview":"max-image-preview:large","max-video-preview":"max-video-preview:-1"},"canonical":"https:\/\/audiosingularity.com\/br\/privacy-policy\/","og_locale":"pt_BR","og_type":"article","og_title":"privacy policy - audiosingularity","og_description":"privacy policy At audiosingularity, accessible from audiosingularity.com, one of our main priorities is the privacy of our visitors. This Privacy Policy document contains types of information that is collected and recorded by audiosingularity and how we use it. If you have additional questions or require more information about our Privacy Policy, do not hesitate to [&hellip;]","og_url":"https:\/\/audiosingularity.com\/br\/privacy-policy\/","og_site_name":"audiosingularity","article_modified_time":"2022-02-04T01:34:35+00:00","twitter_card":"summary_large_image","twitter_misc":{"Est. reading time":"4 minutes"},"schema":{"@context":"https:\/\/schema.org","@graph":[{"@type":"WebPage","@id":"https:\/\/audiosingularity.com\/privacy-policy\/","url":"https:\/\/audiosingularity.com\/privacy-policy\/","name":"privacy policy - audiosingularity","isPartOf":{"@id":"https:\/\/audiosingularity.com\/#website"},"datePublished":"2022-01-29T14:32:06+00:00","dateModified":"2022-02-04T01:34:35+00:00","breadcrumb":{"@id":"https:\/\/audiosingularity.com\/privacy-policy\/#breadcrumb"},"inLanguage":"pt-BR","potentialAction":[{"@type":"ReadAction","target":["https:\/\/audiosingularity.com\/privacy-policy\/"]}]},{"@type":"BreadcrumbList","@id":"https:\/\/audiosingularity.com\/privacy-policy\/#breadcrumb","itemListElement":[{"@type":"ListItem","position":1,"name":"Home","item":"https:\/\/audiosingularity.com\/"},{"@type":"ListItem","position":2,"name":"privacy policy"}]},{"@type":"WebSite","@id":"https:\/\/audiosingularity.com\/#website","url":"https:\/\/audiosingularity.com\/","name":"audiosingularity","description":"audio plugins development","publisher":{"@id":"https:\/\/audiosingularity.com\/#organization"},"potentialAction":[{"@type":"SearchAction","target":{"@type":"EntryPoint","urlTemplate":"https:\/\/audiosingularity.com\/?s={search_term_string}"},"query-input":{"@type":"PropertyValueSpecification","valueRequired":true,"valueName":"search_term_string"}}],"inLanguage":"pt-BR"},{"@type":"Organization","@id":"https:\/\/audiosingularity.com\/#organization","name":"audiosingularity","url":"https:\/\/audiosingularity.com\/","logo":{"@type":"ImageObject","inLanguage":"pt-BR","@id":"https:\/\/audiosingularity.com\/#\/schema\/logo\/image\/","url":"https:\/\/audiosingularity.com\/wp-content\/uploads\/2022\/01\/cropped-icon-black.png","contentUrl":"https:\/\/audiosingularity.com\/wp-content\/uploads\/2022\/01\/cropped-icon-black.png","width":512,"height":512,"caption":"audiosingularity"},"image":{"@id":"https:\/\/audiosingularity.com\/#\/schema\/logo\/image\/"},"sameAs":["https:\/\/instagram.com\/audiosingularity"]}]}},"_links":{"self":[{"href":"https:\/\/audiosingularity.com\/br\/wp-json\/wp\/v2\/pages\/3","targetHints":{"allow":["GET"]}}],"collection":[{"href":"https:\/\/audiosingularity.com\/br\/wp-json\/wp\/v2\/pages"}],"about":[{"href":"https:\/\/audiosingularity.com\/br\/wp-json\/wp\/v2\/types\/page"}],"author":[{"embeddable":true,"href":"https:\/\/audiosingularity.com\/br\/wp-json\/wp\/v2\/users\/1"}],"replies":[{"embeddable":true,"href":"https:\/\/audiosingularity.com\/br\/wp-json\/wp\/v2\/comments?post=3"}],"version-history":[{"count":14,"href":"https:\/\/audiosingularity.com\/br\/wp-json\/wp\/v2\/pages\/3\/revisions"}],"predecessor-version":[{"id":499,"href":"https:\/\/audiosingularity.com\/br\/wp-json\/wp\/v2\/pages\/3\/revisions\/499"}],"wp:attachment":[{"href":"https:\/\/audiosingularity.com\/br\/wp-json\/wp\/v2\/media?parent=3"}],"curies":[{"name":"wp","href":"https:\/\/api.w.org\/{rel}","templated":true}]}}