{"id":39,"date":"2022-01-29T14:44:38","date_gmt":"2022-01-29T14:44:38","guid":{"rendered":"https:\/\/audiosingularity.com\/?post_type=product&#038;p=39"},"modified":"2024-06-28T18:34:15","modified_gmt":"2024-06-28T18:34:15","slug":"neurontube-debut","status":"publish","type":"product","link":"https:\/\/audiosingularity.com\/br\/product\/neurontube-debut\/","title":{"rendered":"neurontube: debut"},"content":{"rendered":"<div class=\"wp-block-cover alignfull\" style=\"min-height:100vh;aspect-ratio:unset;\"><span aria-hidden=\"true\" class=\"wp-block-cover__background has-background-dim-0 has-background-dim\"><\/span><img loading=\"lazy\" decoding=\"async\" width=\"2560\" height=\"1439\" class=\"wp-block-cover__image-background wp-image-736\" alt=\"\" src=\"http:\/\/audiosingularity.com\/wp-content\/uploads\/2023\/05\/neurontube-cover-scaled-1.jpg\" data-object-fit=\"cover\" srcset=\"https:\/\/audiosingularity.com\/wp-content\/uploads\/2023\/05\/neurontube-cover-scaled-1.jpg 2560w, https:\/\/audiosingularity.com\/wp-content\/uploads\/2023\/05\/neurontube-cover-scaled-1-300x169.jpg 300w, https:\/\/audiosingularity.com\/wp-content\/uploads\/2023\/05\/neurontube-cover-scaled-1-1024x576.jpg 1024w, https:\/\/audiosingularity.com\/wp-content\/uploads\/2023\/05\/neurontube-cover-scaled-1-768x432.jpg 768w, https:\/\/audiosingularity.com\/wp-content\/uploads\/2023\/05\/neurontube-cover-scaled-1-1536x863.jpg 1536w, https:\/\/audiosingularity.com\/wp-content\/uploads\/2023\/05\/neurontube-cover-scaled-1-2048x1151.jpg 2048w, https:\/\/audiosingularity.com\/wp-content\/uploads\/2023\/05\/neurontube-cover-scaled-1-18x10.jpg 18w, https:\/\/audiosingularity.com\/wp-content\/uploads\/2023\/05\/neurontube-cover-scaled-1-324x182.jpg 324w, https:\/\/audiosingularity.com\/wp-content\/uploads\/2023\/05\/neurontube-cover-scaled-1-416x234.jpg 416w\" sizes=\"auto, (max-width: 2560px) 100vw, 2560px\" \/><div class=\"wp-block-cover__inner-container is-layout-flow wp-block-cover-is-layout-flow\">\n<div style=\"height:90px\" aria-hidden=\"true\" class=\"wp-block-spacer\"><\/div>\n\n\n\n<h1 class=\"wp-block-heading open-sans has-white-color has-text-color\" id=\"neurontube-debut\" style=\"font-size:50px\"><strong>neurontube: debut<\/strong><\/h1>\n\n\n\n<h3 class=\"wp-block-heading open-sans has-white-color has-text-color\" id=\"when-technology-meets-tone\" style=\"font-size:25px\">quando a tecnologia encontra o timbre<\/h3>\n\n\n<div class=\"wp-block-button\"><a class=\"wp-block-button__link\" href=\"#login\">entre para baixar<\/a><\/div>\n\n\n<p class=\"product woocommerce add_to_cart_inline\" style=\"border:4px solid #ccc; padding: 12px;\"><span class=\"wcpbc-price wcpbc-price-39\" data-product-id=\"39\"><\/span><a href=\"https:\/\/audiosingularity.com\/br\/product\/neurontube-debut\/\" data-quantity=\"1\" class=\"button product_type_simple\" data-product_id=\"39\" data-product_sku=\"nrtube\" aria-label=\"Read more about \u201cneurontube: debut\u201d\" rel=\"nofollow\" data-success_message=\"\" data-no-translation-aria-label=\"\">comprar <span class=\"preco-sem-desconto preco-pra-valer\">&#82;&#36;&nbsp;0<\/span><\/a><\/p>\n\n\n\n<div class=\"wp-block-columns is-layout-flex wp-container-core-columns-is-layout-9d6595d7 wp-block-columns-is-layout-flex\">\n<div class=\"wp-block-column is-layout-flow wp-block-column-is-layout-flow\"><\/div>\n<\/div>\n<\/div><\/div>\n\n\n\n<div style=\"height:50px\" aria-hidden=\"true\" class=\"wp-block-spacer\"><\/div>\n\n\n\n<div class=\"wp-block-columns alignwide is-layout-flex wp-container-core-columns-is-layout-9d6595d7 wp-block-columns-is-layout-flex\">\n<div class=\"wp-block-column is-layout-flow wp-block-column-is-layout-flow\">\n<h2 class=\"wp-block-heading open-sans has-black-color has-text-color\" id=\"about-neurontube\"><strong>sobre neurontube<\/strong><\/h2>\n\n\n\n<p>Quanto mais voc\u00ea tocar com <strong>neurontube: debut<\/strong>, mais apaixonado por tocar guitarra voc\u00ea vai ser. Voc\u00ea recebe o pacote completo: do insano ronco do alto ganho americano, ao timbre clean brit\u00e2nico. Voc\u00ea recebe at\u00e9 o timbre quase distorcido que voc\u00ea conhece e ama.<\/p>\n\n\n\n<p>Tudo isso combinado com pedais boutique modelados usando t\u00e9cnicas avan\u00e7adas de intelig\u00eancia artificial, gabinetes e microfones escolhidos a dedo capturados com precis\u00e3o exagerada, o que definitivamente torna o neurontube: debut \u00fanico em termos de timbre.<\/p>\n<\/div>\n<\/div>\n\n\n\n<div class=\"wp-block-columns alignwide is-layout-flex wp-container-core-columns-is-layout-9d6595d7 wp-block-columns-is-layout-flex\">\n<div class=\"wp-block-column is-layout-flow wp-block-column-is-layout-flow\">\n<h2 class=\"wp-block-heading open-sans has-black-color has-text-color\" id=\"the-pedalboard\"><strong>os pedais<\/strong><\/h2>\n\n\n<div class=\"wp-block-image\">\n<figure class=\"aligncenter size-full\"><img loading=\"lazy\" decoding=\"async\" width=\"1600\" height=\"492\" src=\"http:\/\/0.0.0.0\/wp-content\/uploads\/2022\/01\/pedalboard-neurontube.jpg\" alt=\"neurontube pedalboard\" class=\"wp-image-170\" srcset=\"https:\/\/audiosingularity.com\/wp-content\/uploads\/2022\/01\/pedalboard-neurontube.jpg 1600w, https:\/\/audiosingularity.com\/wp-content\/uploads\/2022\/01\/pedalboard-neurontube-324x100.jpg 324w, https:\/\/audiosingularity.com\/wp-content\/uploads\/2022\/01\/pedalboard-neurontube-416x128.jpg 416w, https:\/\/audiosingularity.com\/wp-content\/uploads\/2022\/01\/pedalboard-neurontube-300x92.jpg 300w, https:\/\/audiosingularity.com\/wp-content\/uploads\/2022\/01\/pedalboard-neurontube-1024x315.jpg 1024w, https:\/\/audiosingularity.com\/wp-content\/uploads\/2022\/01\/pedalboard-neurontube-768x236.jpg 768w, https:\/\/audiosingularity.com\/wp-content\/uploads\/2022\/01\/pedalboard-neurontube-1536x472.jpg 1536w\" sizes=\"auto, (max-width: 1600px) 100vw, 1600px\" \/><\/figure>\n<\/div>\n\n\n<p><strong>neurontube: debut <\/strong>vai com estes incr\u00edveis pedais para um m\u00e1ximo de controle sobre seus timbres. Aqui est\u00e3o eles:<\/p>\n\n\n\n<p><strong>COMPRESSOR<\/strong>: como o nome diz, um pedal de compress\u00e3o, que facilita o controle do volume do sinal.<\/p>\n\n\n\n<p><strong>BURN<\/strong>: pedal de distor\u00e7\u00e3o\/fuzz. Ele permite que voc\u00ea v\u00e1 de um som de quase distorcido, parecido com Centaur, at\u00e9 dar-lhe a firmeza de graves de tubescreamers, at\u00e9 o fuzz de derretimento de amplificadores. Ele cobre tudo.<\/p>\n\n\n\n<p><strong>CHORUS<\/strong>: pedal de chorus, para este optamos por uma modula\u00e7\u00e3o de chorus vintage. Soa \u00f3timo em timbres r\u00e1pidos dos anos 80, ou em ritmos lentos, preenchendo acordes, coisa linda. Aumentando o feedback\/depth, voc\u00ea pode chegar ao lado psicod\u00e9lico deste pedal.<\/p>\n\n\n\n<p><strong>TIME MACHINE<\/strong>: nosso pedal de delay, baseado em um pedal de delay anal\u00f3gico escolhido a dedo, foi projetado para filtrar as frequ\u00eancias agudas irritantes, tornando-o mais escuro do que a maioria dos delay digitais. Controle o tempo, o feedback e o mix.<\/p>\n\n\n\n<p><strong>THE ROOM<\/strong>: um pedal de reverb de sala de est\u00fadio. Controle o tamanho da sala, o brilho da reflex\u00e3o e o mix. Voc\u00ea pode at\u00e9 controlar a posi\u00e7\u00e3o do pedal na cadeia do seu sinal: pr\u00e9 ou p\u00f3s o amplificador (loop fx).<\/p>\n\n\n\n<div style=\"height:43px\" aria-hidden=\"true\" class=\"wp-block-spacer\"><\/div>\n\n\n\n<div class=\"wp-block-columns is-layout-flex wp-container-core-columns-is-layout-9d6595d7 wp-block-columns-is-layout-flex\">\n<div class=\"wp-block-column is-layout-flow wp-block-column-is-layout-flow\">\n<h2 class=\"wp-block-heading open-sans has-black-color has-text-color\" id=\"the-amp-selection-1\"><strong>a sele\u00e7\u00e3o de amps<\/strong><\/h2>\n\n\n\n<p>Tocar um amplificador cl\u00e1ssico \u00e9 incr\u00edvel. \u00c9 por isso que fizemos a nossa vers\u00e3o desses amplificadores que achamos que todo guitarrista deveria ter a chance de tocar. Aqui est\u00e3o os modelos (baseados em) inclu\u00eddos no <strong>neurontube: debut<\/strong>:<\/p>\n\n\n\n<p>Soldano\u00ae SLO-100\u00ae<br><br>E a lenda esquecida da quase distor\u00e7\u00e3o:<br>Laney\u00ae TF300\u00ae<\/p>\n\n\n\n<p style=\"font-size:10px\">As marcas LANEY e SOLDANO pertencem a terceiros e n\u00e3o s\u00e3o propriedade da audiosingularity.<\/p>\n<\/div>\n\n\n\n<div class=\"wp-block-column is-vertically-aligned-top is-layout-flow wp-block-column-is-layout-flow\">\n<figure class=\"wp-block-image size-large\"><img decoding=\"async\" src=\"\/wp-content\/uploads\/2022\/08\/soldano-laney.jpg\" alt=\"amps included in neurontube\"\/><\/figure>\n<\/div>\n<\/div>\n\n\n\n<div class=\"wp-block-columns is-layout-flex wp-container-core-columns-is-layout-9d6595d7 wp-block-columns-is-layout-flex\">\n<div class=\"wp-block-column is-layout-flow wp-block-column-is-layout-flow\">\n<h2 class=\"wp-block-heading open-sans\" id=\"the-cabinet-section\"><strong>a sess\u00e3o de gabinete<\/strong><\/h2>\n\n\n\n<p>Aqui reside o verdadeiro modelador de timbre. Qualquer que seja o timbre que voc\u00ea est\u00e1 procurando, a escolha mais importante que voc\u00ea tem a fazer \u00e9 o gabinete.<\/p>\n\n\n\n<p>Sabendo disso, n\u00f3s fomos buscar os mais incr\u00edveis timbres de gabinete que pudemos encontrar. Nossa sele\u00e7\u00e3o fala por si.<\/p>\n\n\n\n<p>1&#215;12 HH Invader Laney TF300 Combo<br>4&#215;12 Vintage 30 Marshall 1960 LEAD A<br>4&#215;12 Vintage 30 Modern American Cab <\/p>\n\n\n\n<p>Todos microfonados com microfones de est\u00fadio selecionados \u00e0 m\u00e3o.<\/p>\n\n\n\n<p style=\"font-size:10px\">As marcas HH Invader, Laney, Celestion e Marshall s\u00e3o propriedades de terceiros e n\u00e3o de audiosingularity.<\/p>\n\n\n\n<p><\/p>\n<\/div>\n\n\n\n<div class=\"wp-block-column is-vertically-aligned-center is-layout-flow wp-block-column-is-layout-flow\"><div class=\"wp-block-image\">\n<figure class=\"aligncenter size-full is-resized\"><img loading=\"lazy\" decoding=\"async\" width=\"840\" height=\"774\" src=\"http:\/\/0.0.0.0\/wp-content\/uploads\/2022\/01\/cabinet-neurontube.jpg\" alt=\"neurontube cabinet\" class=\"wp-image-137\" style=\"width:420px;height:387px\" srcset=\"https:\/\/audiosingularity.com\/wp-content\/uploads\/2022\/01\/cabinet-neurontube.jpg 840w, https:\/\/audiosingularity.com\/wp-content\/uploads\/2022\/01\/cabinet-neurontube-324x299.jpg 324w, https:\/\/audiosingularity.com\/wp-content\/uploads\/2022\/01\/cabinet-neurontube-416x383.jpg 416w, https:\/\/audiosingularity.com\/wp-content\/uploads\/2022\/01\/cabinet-neurontube-300x276.jpg 300w, https:\/\/audiosingularity.com\/wp-content\/uploads\/2022\/01\/cabinet-neurontube-768x708.jpg 768w\" sizes=\"auto, (max-width: 840px) 100vw, 840px\" \/><\/figure>\n<\/div><\/div>\n<\/div>\n\n\n\n<h2 class=\"wp-block-heading open-sans\" id=\"user-interface\"><strong>interface do usu\u00e1rio<\/strong><\/h2>\n\n\n\n<figure class=\"wp-block-image size-full\"><img loading=\"lazy\" decoding=\"async\" width=\"864\" height=\"450\" src=\"http:\/\/audiosingularity.com\/wp-content\/uploads\/2022\/01\/neurontube-image-2.png\" alt=\"\" class=\"wp-image-105\" srcset=\"https:\/\/audiosingularity.com\/wp-content\/uploads\/2022\/01\/neurontube-image-2.png 864w, https:\/\/audiosingularity.com\/wp-content\/uploads\/2022\/01\/neurontube-image-2-324x169.png 324w, https:\/\/audiosingularity.com\/wp-content\/uploads\/2022\/01\/neurontube-image-2-416x217.png 416w, https:\/\/audiosingularity.com\/wp-content\/uploads\/2022\/01\/neurontube-image-2-300x156.png 300w, https:\/\/audiosingularity.com\/wp-content\/uploads\/2022\/01\/neurontube-image-2-768x400.png 768w\" sizes=\"auto, (max-width: 864px) 100vw, 864px\" \/><\/figure>\n\n\n\n<p><strong>neurontube: debut<\/strong> acompanha afinador, controle de n\u00edveis de entrada e sa\u00edda, visualizador de n\u00edveis de entrada e sa\u00edda, controle de noise gate, editor de preset, seletor de amp, sess\u00e3o de pedalboard, sess\u00e3o de amp, sess\u00e3o de gabinete e bot\u00e3o mudo.<\/p>\n\n\n\n<div class=\"wp-block-cover alignfull height-125\" style=\"min-height:175px;aspect-ratio:unset;\"><span aria-hidden=\"true\" class=\"wp-block-cover__background has-background-dim-100 has-background-dim\" style=\"background-color:#242424\"><\/span><div class=\"wp-block-cover__inner-container is-layout-flow wp-block-cover-is-layout-flow\">\n<p class=\"has-text-align-center open-sans has-large-font-size\">simula\u00e7\u00e3o de amplificador avan\u00e7ada: intelig\u00eancia artificial para <strong>perfei\u00e7\u00e3o de timbre<\/strong><\/p>\n<\/div><\/div>\n\n\n\n<div style=\"height:30px\" aria-hidden=\"true\" class=\"wp-block-spacer\"><\/div>\n\n\n\n<h2 class=\"wp-block-heading open-sans\" id=\"system-requirements\"><strong>requerimentos do sistema<\/strong><\/h2>\n\n\n\n<p><link rel=\"stylesheet\" href=\"https:\/\/cdnjs.cloudflare.com\/ajax\/libs\/font-awesome\/6.2.0\/css\/all.min.css\" integrity=\"sha512-xh6O\/CkQoPOWDdYTDqeRdPCVd1SpvCA9XXcUnZS2FmJNp1coAFzvtCN9BmamE+4aHK8yyUHUSCcJHgXloTyT2A==\" crossorigin=\"anonymous\" referrerpolicy=\"no-referrer\">\n<p><strong>neurontube:debut<\/strong> Vem em 64-bit VST3 \/ AU (macOS apenas) \/ Standalone app. Funciona em: <\/p><\/p>\n\n\n\n<p><i class=\"fa-brands fa-windows\"><\/i> Windows 10<\/p>\n\n\n\n<p><i class=\"fa-brands fa-apple\"><\/i> OSX 10.12 \u00e0 vers\u00f5es atualizadas <\/p>\n\n\n\n<p><i class=\"fa-brands fa-linux\"><\/i> Linux debian distros (testamos no Linux Mint e Ubuntu).<\/p>\n\n\n\n<div style=\"height:30px\" aria-hidden=\"true\" class=\"wp-block-spacer\"><\/div>\n\n\n\n<h1 class=\"wp-block-heading has-text-align-center open-sans no-margin-bottom has-black-color has-text-color\" id=\"neurontube-debut-1\"><strong>neurontube: debut<\/strong><\/h1>\n\n\n\n<h3 class=\"wp-block-heading has-text-align-center open-sans has-black-color has-text-color\" id=\"when-technology-meets-tone-1\"><strong>quando a tecnologia encontra o timbre<\/strong><\/h3>\n\n\n\n<div class=\"wp-block-columns center is-layout-flex wp-container-core-columns-is-layout-9d6595d7 wp-block-columns-is-layout-flex\">\n<div class=\"wp-block-column is-layout-flow wp-block-column-is-layout-flow\"><div class=\"wp-block-button\"><a class=\"wp-block-button__link\" href=\"#login\">entre para baixar<\/a><\/div>\n\n\n<p class=\"product woocommerce add_to_cart_inline\" style=\"border:4px solid #ccc; padding: 12px;\"><span class=\"wcpbc-price wcpbc-price-39\" data-product-id=\"39\"><\/span><a href=\"https:\/\/audiosingularity.com\/br\/product\/neurontube-debut\/\" data-quantity=\"1\" class=\"button product_type_simple\" data-product_id=\"39\" data-product_sku=\"nrtube\" aria-label=\"Read more about \u201cneurontube: debut\u201d\" rel=\"nofollow\" data-success_message=\"\" data-no-translation-aria-label=\"\">comprar <span class=\"preco-sem-desconto preco-pra-valer\">&#82;&#36;&nbsp;0<\/span><\/a><\/p>\n<\/div>\n<\/div>\n<\/div>\n<\/div>","protected":false},"excerpt":{"rendered":"<p>about neurontube The more you play with neurontube: debut, the more passionate you will be about playing guitar. You get the whole package: from the insane roar of american high gain, to the british clean bliss. Damn, you even get the edge-of-breakup tones that you know and love. All this combined with boutique stomp pedals [&hellip;]<\/p>\n","protected":false},"featured_media":105,"template":"","meta":[],"product_brand":[],"product_cat":[22],"product_tag":[58,59,60,61,62,63,64,65,66,67,68,69,70],"class_list":{"0":"post-39","1":"product","2":"type-product","3":"status-publish","4":"has-post-thumbnail","6":"product_cat-plugin","7":"product_tag-64-bit-processing","8":"product_tag-amp-and-cabinet-selection","9":"product_tag-amp-simulation-software","10":"product_tag-boutique-pedals","11":"product_tag-cabinet-modeling","12":"product_tag-chorus-modulation","13":"product_tag-delay-filtering","14":"product_tag-distortion-modeling","15":"product_tag-guitar-amplifier-emulation","16":"product_tag-guitar-tone-shaping","17":"product_tag-neurontube-debut","18":"product_tag-precision-tuner-software","19":"product_tag-studio-room-reverb","21":"first","22":"instock","23":"downloadable","24":"virtual","25":"sold-individually","26":"product-type-simple"},"yoast_head":"<!-- This site is optimized with the Yoast SEO plugin v27.2 - https:\/\/yoast.com\/product\/yoast-seo-wordpress\/ -->\n<title>neurontube: debut - audiosingularity<\/title>\n<meta name=\"description\" content=\"Neurontube: debut is a guitar plugin with virtual stomp pedals, amps, and cabinets for endless guitar tones. It can be also used as a standalone app.\" \/>\n<meta name=\"robots\" content=\"index, follow, max-snippet:-1, max-image-preview:large, max-video-preview:-1\" \/>\n<link rel=\"canonical\" href=\"https:\/\/audiosingularity.com\/br\/product\/neurontube-debut\/\" \/>\n<meta property=\"og:locale\" content=\"pt_BR\" \/>\n<meta property=\"og:type\" content=\"article\" \/>\n<meta property=\"og:title\" content=\"neurontube: debut - audiosingularity\" \/>\n<meta property=\"og:description\" content=\"Neurontube: debut is a guitar plugin with virtual stomp pedals, amps, and cabinets for endless guitar tones. It can be also used as a standalone app.\" \/>\n<meta property=\"og:url\" content=\"https:\/\/audiosingularity.com\/br\/product\/neurontube-debut\/\" \/>\n<meta property=\"og:site_name\" content=\"audiosingularity\" \/>\n<meta property=\"article:modified_time\" content=\"2024-06-28T18:34:15+00:00\" \/>\n<meta property=\"og:image\" content=\"https:\/\/audiosingularity.com\/wp-content\/uploads\/2022\/01\/neurontube-image-2.png\" \/>\n\t<meta property=\"og:image:width\" content=\"864\" \/>\n\t<meta property=\"og:image:height\" content=\"450\" \/>\n\t<meta property=\"og:image:type\" content=\"image\/png\" \/>\n<meta name=\"twitter:card\" content=\"summary_large_image\" \/>\n<meta name=\"twitter:label1\" content=\"Est. reading time\" \/>\n\t<meta name=\"twitter:data1\" content=\"7 minutes\" \/>\n<script type=\"application\/ld+json\" class=\"yoast-schema-graph\">{\"@context\":\"https:\/\/schema.org\",\"@graph\":[{\"@type\":\"WebPage\",\"@id\":\"https:\/\/audiosingularity.com\/product\/neurontube-debut\/\",\"url\":\"https:\/\/audiosingularity.com\/product\/neurontube-debut\/\",\"name\":\"neurontube: debut - audiosingularity\",\"isPartOf\":{\"@id\":\"https:\/\/audiosingularity.com\/#website\"},\"primaryImageOfPage\":{\"@id\":\"https:\/\/audiosingularity.com\/product\/neurontube-debut\/#primaryimage\"},\"image\":{\"@id\":\"https:\/\/audiosingularity.com\/product\/neurontube-debut\/#primaryimage\"},\"thumbnailUrl\":\"https:\/\/audiosingularity.com\/wp-content\/uploads\/2022\/01\/neurontube-image-2.png\",\"datePublished\":\"2022-01-29T14:44:38+00:00\",\"dateModified\":\"2024-06-28T18:34:15+00:00\",\"description\":\"Neurontube: debut is a guitar plugin with virtual stomp pedals, amps, and cabinets for endless guitar tones. It can be also used as a standalone app.\",\"breadcrumb\":{\"@id\":\"https:\/\/audiosingularity.com\/product\/neurontube-debut\/#breadcrumb\"},\"inLanguage\":\"pt-BR\",\"potentialAction\":[{\"@type\":\"ReadAction\",\"target\":[\"https:\/\/audiosingularity.com\/product\/neurontube-debut\/\"]}]},{\"@type\":\"ImageObject\",\"inLanguage\":\"pt-BR\",\"@id\":\"https:\/\/audiosingularity.com\/product\/neurontube-debut\/#primaryimage\",\"url\":\"https:\/\/audiosingularity.com\/wp-content\/uploads\/2022\/01\/neurontube-image-2.png\",\"contentUrl\":\"https:\/\/audiosingularity.com\/wp-content\/uploads\/2022\/01\/neurontube-image-2.png\",\"width\":864,\"height\":450},{\"@type\":\"BreadcrumbList\",\"@id\":\"https:\/\/audiosingularity.com\/product\/neurontube-debut\/#breadcrumb\",\"itemListElement\":[{\"@type\":\"ListItem\",\"position\":1,\"name\":\"Home\",\"item\":\"https:\/\/audiosingularity.com\/\"},{\"@type\":\"ListItem\",\"position\":2,\"name\":\"plugins\",\"item\":\"https:\/\/audiosingularity.com\/plugins\/\"},{\"@type\":\"ListItem\",\"position\":3,\"name\":\"neurontube: debut\"}]},{\"@type\":\"WebSite\",\"@id\":\"https:\/\/audiosingularity.com\/#website\",\"url\":\"https:\/\/audiosingularity.com\/\",\"name\":\"audiosingularity\",\"description\":\"audio plugins development\",\"publisher\":{\"@id\":\"https:\/\/audiosingularity.com\/#organization\"},\"potentialAction\":[{\"@type\":\"SearchAction\",\"target\":{\"@type\":\"EntryPoint\",\"urlTemplate\":\"https:\/\/audiosingularity.com\/?s={search_term_string}\"},\"query-input\":{\"@type\":\"PropertyValueSpecification\",\"valueRequired\":true,\"valueName\":\"search_term_string\"}}],\"inLanguage\":\"pt-BR\"},{\"@type\":\"Organization\",\"@id\":\"https:\/\/audiosingularity.com\/#organization\",\"name\":\"audiosingularity\",\"url\":\"https:\/\/audiosingularity.com\/\",\"logo\":{\"@type\":\"ImageObject\",\"inLanguage\":\"pt-BR\",\"@id\":\"https:\/\/audiosingularity.com\/#\/schema\/logo\/image\/\",\"url\":\"https:\/\/audiosingularity.com\/wp-content\/uploads\/2022\/01\/cropped-icon-black.png\",\"contentUrl\":\"https:\/\/audiosingularity.com\/wp-content\/uploads\/2022\/01\/cropped-icon-black.png\",\"width\":512,\"height\":512,\"caption\":\"audiosingularity\"},\"image\":{\"@id\":\"https:\/\/audiosingularity.com\/#\/schema\/logo\/image\/\"},\"sameAs\":[\"https:\/\/instagram.com\/audiosingularity\"]}]}<\/script>\n<!-- \/ Yoast SEO plugin. -->","yoast_head_json":{"title":"neurontube: debut - audiosingularity","description":"Neurontube: debut is a guitar plugin with virtual stomp pedals, amps, and cabinets for endless guitar tones. It can be also used as a standalone app.","robots":{"index":"index","follow":"follow","max-snippet":"max-snippet:-1","max-image-preview":"max-image-preview:large","max-video-preview":"max-video-preview:-1"},"canonical":"https:\/\/audiosingularity.com\/br\/product\/neurontube-debut\/","og_locale":"pt_BR","og_type":"article","og_title":"neurontube: debut - audiosingularity","og_description":"Neurontube: debut is a guitar plugin with virtual stomp pedals, amps, and cabinets for endless guitar tones. It can be also used as a standalone app.","og_url":"https:\/\/audiosingularity.com\/br\/product\/neurontube-debut\/","og_site_name":"audiosingularity","article_modified_time":"2024-06-28T18:34:15+00:00","og_image":[{"width":864,"height":450,"url":"https:\/\/audiosingularity.com\/wp-content\/uploads\/2022\/01\/neurontube-image-2.png","type":"image\/png"}],"twitter_card":"summary_large_image","twitter_misc":{"Est. reading time":"7 minutes"},"schema":{"@context":"https:\/\/schema.org","@graph":[{"@type":"WebPage","@id":"https:\/\/audiosingularity.com\/product\/neurontube-debut\/","url":"https:\/\/audiosingularity.com\/product\/neurontube-debut\/","name":"neurontube: debut - audiosingularity","isPartOf":{"@id":"https:\/\/audiosingularity.com\/#website"},"primaryImageOfPage":{"@id":"https:\/\/audiosingularity.com\/product\/neurontube-debut\/#primaryimage"},"image":{"@id":"https:\/\/audiosingularity.com\/product\/neurontube-debut\/#primaryimage"},"thumbnailUrl":"https:\/\/audiosingularity.com\/wp-content\/uploads\/2022\/01\/neurontube-image-2.png","datePublished":"2022-01-29T14:44:38+00:00","dateModified":"2024-06-28T18:34:15+00:00","description":"Neurontube: debut is a guitar plugin with virtual stomp pedals, amps, and cabinets for endless guitar tones. It can be also used as a standalone app.","breadcrumb":{"@id":"https:\/\/audiosingularity.com\/product\/neurontube-debut\/#breadcrumb"},"inLanguage":"pt-BR","potentialAction":[{"@type":"ReadAction","target":["https:\/\/audiosingularity.com\/product\/neurontube-debut\/"]}]},{"@type":"ImageObject","inLanguage":"pt-BR","@id":"https:\/\/audiosingularity.com\/product\/neurontube-debut\/#primaryimage","url":"https:\/\/audiosingularity.com\/wp-content\/uploads\/2022\/01\/neurontube-image-2.png","contentUrl":"https:\/\/audiosingularity.com\/wp-content\/uploads\/2022\/01\/neurontube-image-2.png","width":864,"height":450},{"@type":"BreadcrumbList","@id":"https:\/\/audiosingularity.com\/product\/neurontube-debut\/#breadcrumb","itemListElement":[{"@type":"ListItem","position":1,"name":"Home","item":"https:\/\/audiosingularity.com\/"},{"@type":"ListItem","position":2,"name":"plugins","item":"https:\/\/audiosingularity.com\/plugins\/"},{"@type":"ListItem","position":3,"name":"neurontube: debut"}]},{"@type":"WebSite","@id":"https:\/\/audiosingularity.com\/#website","url":"https:\/\/audiosingularity.com\/","name":"audiosingularity","description":"audio plugins development","publisher":{"@id":"https:\/\/audiosingularity.com\/#organization"},"potentialAction":[{"@type":"SearchAction","target":{"@type":"EntryPoint","urlTemplate":"https:\/\/audiosingularity.com\/?s={search_term_string}"},"query-input":{"@type":"PropertyValueSpecification","valueRequired":true,"valueName":"search_term_string"}}],"inLanguage":"pt-BR"},{"@type":"Organization","@id":"https:\/\/audiosingularity.com\/#organization","name":"audiosingularity","url":"https:\/\/audiosingularity.com\/","logo":{"@type":"ImageObject","inLanguage":"pt-BR","@id":"https:\/\/audiosingularity.com\/#\/schema\/logo\/image\/","url":"https:\/\/audiosingularity.com\/wp-content\/uploads\/2022\/01\/cropped-icon-black.png","contentUrl":"https:\/\/audiosingularity.com\/wp-content\/uploads\/2022\/01\/cropped-icon-black.png","width":512,"height":512,"caption":"audiosingularity"},"image":{"@id":"https:\/\/audiosingularity.com\/#\/schema\/logo\/image\/"},"sameAs":["https:\/\/instagram.com\/audiosingularity"]}]}},"_links":{"self":[{"href":"https:\/\/audiosingularity.com\/br\/wp-json\/wp\/v2\/product\/39","targetHints":{"allow":["GET"]}}],"collection":[{"href":"https:\/\/audiosingularity.com\/br\/wp-json\/wp\/v2\/product"}],"about":[{"href":"https:\/\/audiosingularity.com\/br\/wp-json\/wp\/v2\/types\/product"}],"wp:featuredmedia":[{"embeddable":true,"href":"https:\/\/audiosingularity.com\/br\/wp-json\/wp\/v2\/media\/105"}],"wp:attachment":[{"href":"https:\/\/audiosingularity.com\/br\/wp-json\/wp\/v2\/media?parent=39"}],"wp:term":[{"taxonomy":"product_brand","embeddable":true,"href":"https:\/\/audiosingularity.com\/br\/wp-json\/wp\/v2\/product_brand?post=39"},{"taxonomy":"product_cat","embeddable":true,"href":"https:\/\/audiosingularity.com\/br\/wp-json\/wp\/v2\/product_cat?post=39"},{"taxonomy":"product_tag","embeddable":true,"href":"https:\/\/audiosingularity.com\/br\/wp-json\/wp\/v2\/product_tag?post=39"}],"curies":[{"name":"wp","href":"https:\/\/api.w.org\/{rel}","templated":true}]}}